{"id":1747,"date":"2026-01-09T11:06:54","date_gmt":"2026-01-09T10:06:54","guid":{"rendered":"https:\/\/zavolisebe.rs\/account\/"},"modified":"2026-01-09T12:07:09","modified_gmt":"2026-01-09T11:07:09","slug":"account","status":"publish","type":"page","link":"https:\/\/zavolisebe.rs\/en\/account\/","title":{"rendered":"Account"},"content":{"rendered":"<div data-elementor-type=\"wp-page\" data-elementor-id=\"1747\" class=\"elementor elementor-1747\">\n\t\t\t\t<div class=\"elementor-element elementor-element-6005f0f2 e-flex e-con-boxed e-con e-parent\" data-id=\"6005f0f2\" data-element_type=\"container\" data-e-type=\"container\">\n\t\t\t\t\t<div class=\"e-con-inner\">\n\t\t\t\t<div class=\"elementor-element elementor-element-5e15816f elementor-widget elementor-widget-text-editor\" data-id=\"5e15816f\" data-element_type=\"widget\" data-e-type=\"widget\" data-widget_type=\"text-editor.default\">\n\t\t\t\t\t\t\t\t\t<div class=\"pms-block-container\">            <form name=\"pms_login\" id=\"pms_login\" class=\"pms-form\" action=\"\" method=\"post\" data-trp-original-action=\"\">\n                \n                <p class=\"login-username\">\n                    <label for=\"user_login\">Username or Email Address<\/label>\n                    <input type=\"text\" name=\"log\" id=\"user_login\" class=\"input\" value=\"\" size=\"20\" \/>\n                <\/p>\n\n                <p class=\"login-password\">\n                    <label for=\"user_pass\">Password<\/label>\n                    <input type=\"password\" name=\"pwd\" id=\"user_pass\" class=\"input\" value=\"\" size=\"20\" \/>\n                <\/p>\n\n                \n                                    <p class=\"login-remember\">\n                        <input name=\"rememberme\" type=\"checkbox\" id=\"rememberme\" value=\"forever\"  \/>\n\n                        <label for=\"rememberme\">\n                            Remember Me                        <\/label>\n                    <\/p>\n                \n                <p class=\"login-submit\">\n                    <input type=\"submit\" name=\"wp-submit\" id=\"wp-submit\" class=\"button button-primary\" value=\"Log In\" \/>\n                    <input type=\"hidden\" name=\"redirect_to\" value=\"https:\/\/zavolisebe.rs\/en\/wp-json\/wp\/v2\/pages\/1747\" \/>\n                    <input type=\"hidden\" name=\"pms_login_nonce\" value=\"fa6b0a6d53\" \/>\n                <\/p>\n\n                <p class=\"login-extra\">\n                    <input type=\"hidden\" name=\"pms_login\" value=\"1\" \/><input type=\"hidden\" name=\"pms_redirect\" value=\"https:\/\/zavolisebe.rs\/en\/wp-json\/wp\/v2\/pages\/1747\" \/><a class=\"register\" href=\"https:\/\/zavolisebe.rs\/en\/register\/\">Register<\/a><span class=\"separator\">|<\/span><a class=\"lostpassword\" href=\"https:\/\/zavolisebe.rs\/en\/password-reset\/\">Lost your password?<\/a>                <\/p>\n            <input type=\"hidden\" name=\"trp-form-language\" value=\"en\"\/><\/form>\n        <\/div>\t\t\t\t\t\t\t\t<\/div>\n\t\t\t\t\t<\/div>\n\t\t\t\t<\/div>\n\t\t<div class=\"elementor-element elementor-element-eab5498 e-flex e-con-boxed e-con e-parent\" data-id=\"eab5498\" data-element_type=\"container\" data-e-type=\"container\">\n\t\t\t\t\t<div class=\"e-con-inner\">\n\t\t\t\t<div class=\"elementor-element elementor-element-6434381 elementor-widget elementor-widget-button\" data-id=\"6434381\" data-element_type=\"widget\" data-e-type=\"widget\" data-widget_type=\"button.default\">\n\t\t\t\t\t\t\t\t\t\t<a class=\"elementor-button elementor-button-link elementor-size-sm\" href=\"https:\/\/zavolisebe.rs\/en\/platforma-za-licni-rast-i-razvoj\/\">\n\t\t\t\t\t\t<span class=\"elementor-button-content-wrapper\">\n\t\t\t\t\t\t\t\t\t<span class=\"elementor-button-text\">idi na platformu<\/span>\n\t\t\t\t\t<\/span>\n\t\t\t\t\t<\/a>\n\t\t\t\t\t\t\t\t<\/div>\n\t\t\t\t\t<\/div>\n\t\t\t\t<\/div>\n\t\t\t\t<\/div>","protected":false},"excerpt":{"rendered":"<p>idi na platformu<\/p>","protected":false},"author":1,"featured_media":0,"parent":0,"menu_order":0,"comment_status":"closed","ping_status":"closed","template":"","meta":{"site-sidebar-layout":"default","site-content-layout":"","ast-site-content-layout":"default","site-content-style":"default","site-sidebar-style":"default","ast-global-header-display":"","ast-banner-title-visibility":"","ast-main-header-display":"","ast-hfb-above-header-display":"","ast-hfb-below-header-display":"","ast-hfb-mobile-header-display":"","site-post-title":"","ast-breadcrumbs-content":"","ast-featured-img":"","footer-sml-layout":"","ast-disable-related-posts":"","theme-transparent-header-meta":"","adv-header-id-meta":"","stick-header-meta":"","header-above-stick-meta":"","header-main-stick-meta":"","header-below-stick-meta":"","astra-migrate-meta-layouts":"default","ast-page-background-enabled":"default","ast-page-background-meta":{"desktop":{"background-color":"","background-image":"","background-repeat":"repeat","background-position":"center center","background-size":"auto","background-attachment":"scroll","background-type":"","background-media":"","overlay-type":"","overlay-color":"","overlay-opacity":"","overlay-gradient":""},"tablet":{"background-color":"","background-image":"","background-repeat":"repeat","background-position":"center center","background-size":"auto","background-attachment":"scroll","background-type":"","background-media":"","overlay-type":"","overlay-color":"","overlay-opacity":"","overlay-gradient":""},"mobile":{"background-color":"","background-image":"","background-repeat":"repeat","background-position":"center center","background-size":"auto","background-attachment":"scroll","background-type":"","background-media":"","overlay-type":"","overlay-color":"","overlay-opacity":"","overlay-gradient":""}},"ast-content-background-meta":{"desktop":{"background-color":"var(--ast-global-color-5)","background-image":"","background-repeat":"repeat","background-position":"center center","background-size":"auto","background-attachment":"scroll","background-type":"","background-media":"","overlay-type":"","overlay-color":"","overlay-opacity":"","overlay-gradient":""},"tablet":{"background-color":"var(--ast-global-color-5)","background-image":"","background-repeat":"repeat","background-position":"center center","background-size":"auto","background-attachment":"scroll","background-type":"","background-media":"","overlay-type":"","overlay-color":"","overlay-opacity":"","overlay-gradient":""},"mobile":{"background-color":"var(--ast-global-color-5)","background-image":"","background-repeat":"repeat","background-position":"center center","background-size":"auto","background-attachment":"scroll","background-type":"","background-media":"","overlay-type":"","overlay-color":"","overlay-opacity":"","overlay-gradient":""}},"footnotes":""},"class_list":["post-1747","page","type-page","status-publish","hentry"],"yoast_head":"<!-- This site is optimized with the Yoast SEO plugin v27.6 - https:\/\/yoast.com\/product\/yoast-seo-wordpress\/ -->\n<title>Account - ZAVOLI SEBE - NLP Coaching<\/title>\n<meta name=\"robots\" content=\"index, follow, max-snippet:-1, max-image-preview:large, max-video-preview:-1\" \/>\n<link rel=\"canonical\" href=\"https:\/\/zavolisebe.rs\/en\/account\/\" \/>\n<meta property=\"og:locale\" content=\"en_US\" \/>\n<meta property=\"og:type\" content=\"article\" \/>\n<meta property=\"og:title\" content=\"Account - ZAVOLI SEBE - NLP Coaching\" \/>\n<meta property=\"og:description\" content=\"idi na platformu\" \/>\n<meta property=\"og:url\" content=\"https:\/\/zavolisebe.rs\/en\/account\/\" \/>\n<meta property=\"og:site_name\" content=\"ZAVOLI SEBE - NLP Coaching\" \/>\n<meta property=\"article:modified_time\" content=\"2026-01-09T11:07:09+00:00\" \/>\n<meta name=\"twitter:card\" content=\"summary_large_image\" \/>\n<meta name=\"twitter:label1\" content=\"Est. reading time\" \/>\n\t<meta name=\"twitter:data1\" content=\"1 minute\" \/>\n<script type=\"application\/ld+json\" class=\"yoast-schema-graph\">{\"@context\":\"https:\\\/\\\/schema.org\",\"@graph\":[{\"@type\":\"WebPage\",\"@id\":\"https:\\\/\\\/zavolisebe.rs\\\/account\\\/\",\"url\":\"https:\\\/\\\/zavolisebe.rs\\\/account\\\/\",\"name\":\"Account - ZAVOLI SEBE - NLP Coaching\",\"isPartOf\":{\"@id\":\"https:\\\/\\\/zavolisebe.rs\\\/#website\"},\"datePublished\":\"2026-01-09T10:06:54+00:00\",\"dateModified\":\"2026-01-09T11:07:09+00:00\",\"breadcrumb\":{\"@id\":\"https:\\\/\\\/zavolisebe.rs\\\/account\\\/#breadcrumb\"},\"inLanguage\":\"en-US\",\"potentialAction\":[{\"@type\":\"ReadAction\",\"target\":[\"https:\\\/\\\/zavolisebe.rs\\\/account\\\/\"]}]},{\"@type\":\"BreadcrumbList\",\"@id\":\"https:\\\/\\\/zavolisebe.rs\\\/account\\\/#breadcrumb\",\"itemListElement\":[{\"@type\":\"ListItem\",\"position\":1,\"name\":\"Home\",\"item\":\"https:\\\/\\\/zavolisebe.rs\\\/\"},{\"@type\":\"ListItem\",\"position\":2,\"name\":\"Account\"}]},{\"@type\":\"WebSite\",\"@id\":\"https:\\\/\\\/zavolisebe.rs\\\/#website\",\"url\":\"https:\\\/\\\/zavolisebe.rs\\\/\",\"name\":\"ZAVOLI SEBE - NLP Coaching\",\"description\":\"Otklju\u010dajte svoj potencijal na vodjenim coaching sesijama, promenite ograni\u010davaju\u0107a uverenja, toksi\u010dne obrasce pona\u0161anja i postavite svoje ciljeve. Zavolite sebe.\",\"publisher\":{\"@id\":\"https:\\\/\\\/zavolisebe.rs\\\/#organization\"},\"potentialAction\":[{\"@type\":\"SearchAction\",\"target\":{\"@type\":\"EntryPoint\",\"urlTemplate\":\"https:\\\/\\\/zavolisebe.rs\\\/?s={search_term_string}\"},\"query-input\":{\"@type\":\"PropertyValueSpecification\",\"valueRequired\":true,\"valueName\":\"search_term_string\"}}],\"inLanguage\":\"en-US\"},{\"@type\":\"Organization\",\"@id\":\"https:\\\/\\\/zavolisebe.rs\\\/#organization\",\"name\":\"ZAVOLI SEBE - NLP Coaching\",\"url\":\"https:\\\/\\\/zavolisebe.rs\\\/\",\"logo\":{\"@type\":\"ImageObject\",\"inLanguage\":\"en-US\",\"@id\":\"https:\\\/\\\/zavolisebe.rs\\\/#\\\/schema\\\/logo\\\/image\\\/\",\"url\":\"https:\\\/\\\/zavolisebe.rs\\\/wp-content\\\/uploads\\\/2024\\\/03\\\/cropped-IMG_6596.jpg\",\"contentUrl\":\"https:\\\/\\\/zavolisebe.rs\\\/wp-content\\\/uploads\\\/2024\\\/03\\\/cropped-IMG_6596.jpg\",\"width\":251,\"height\":83,\"caption\":\"ZAVOLI SEBE - NLP Coaching\"},\"image\":{\"@id\":\"https:\\\/\\\/zavolisebe.rs\\\/#\\\/schema\\\/logo\\\/image\\\/\"}}]}<\/script>\n<!-- \/ Yoast SEO plugin. -->","yoast_head_json":{"title":"Account - ZAVOLI SEBE - NLP Coaching","robots":{"index":"index","follow":"follow","max-snippet":"max-snippet:-1","max-image-preview":"max-image-preview:large","max-video-preview":"max-video-preview:-1"},"canonical":"https:\/\/zavolisebe.rs\/en\/account\/","og_locale":"en_US","og_type":"article","og_title":"Account - ZAVOLI SEBE - NLP Coaching","og_description":"idi na platformu","og_url":"https:\/\/zavolisebe.rs\/en\/account\/","og_site_name":"ZAVOLI SEBE - NLP Coaching","article_modified_time":"2026-01-09T11:07:09+00:00","twitter_card":"summary_large_image","twitter_misc":{"Est. reading time":"1 minute"},"schema":{"@context":"https:\/\/schema.org","@graph":[{"@type":"WebPage","@id":"https:\/\/zavolisebe.rs\/account\/","url":"https:\/\/zavolisebe.rs\/account\/","name":"Account - ZAVOLI SEBE - NLP Coaching","isPartOf":{"@id":"https:\/\/zavolisebe.rs\/#website"},"datePublished":"2026-01-09T10:06:54+00:00","dateModified":"2026-01-09T11:07:09+00:00","breadcrumb":{"@id":"https:\/\/zavolisebe.rs\/account\/#breadcrumb"},"inLanguage":"en-US","potentialAction":[{"@type":"ReadAction","target":["https:\/\/zavolisebe.rs\/account\/"]}]},{"@type":"BreadcrumbList","@id":"https:\/\/zavolisebe.rs\/account\/#breadcrumb","itemListElement":[{"@type":"ListItem","position":1,"name":"Home","item":"https:\/\/zavolisebe.rs\/"},{"@type":"ListItem","position":2,"name":"Account"}]},{"@type":"WebSite","@id":"https:\/\/zavolisebe.rs\/#website","url":"https:\/\/zavolisebe.rs\/","name":"ZAVOLI SEBE - NLP Coaching","description":"Otklju\u010dajte svoj potencijal na vodjenim coaching sesijama, promenite ograni\u010davaju\u0107a uverenja, toksi\u010dne obrasce pona\u0161anja i postavite svoje ciljeve. Zavolite sebe.","publisher":{"@id":"https:\/\/zavolisebe.rs\/#organization"},"potentialAction":[{"@type":"SearchAction","target":{"@type":"EntryPoint","urlTemplate":"https:\/\/zavolisebe.rs\/?s={search_term_string}"},"query-input":{"@type":"PropertyValueSpecification","valueRequired":true,"valueName":"search_term_string"}}],"inLanguage":"en-US"},{"@type":"Organization","@id":"https:\/\/zavolisebe.rs\/#organization","name":"ZAVOLI SEBE - NLP Coaching","url":"https:\/\/zavolisebe.rs\/","logo":{"@type":"ImageObject","inLanguage":"en-US","@id":"https:\/\/zavolisebe.rs\/#\/schema\/logo\/image\/","url":"https:\/\/zavolisebe.rs\/wp-content\/uploads\/2024\/03\/cropped-IMG_6596.jpg","contentUrl":"https:\/\/zavolisebe.rs\/wp-content\/uploads\/2024\/03\/cropped-IMG_6596.jpg","width":251,"height":83,"caption":"ZAVOLI SEBE - NLP Coaching"},"image":{"@id":"https:\/\/zavolisebe.rs\/#\/schema\/logo\/image\/"}}]}},"_links":{"self":[{"href":"https:\/\/zavolisebe.rs\/en\/wp-json\/wp\/v2\/pages\/1747","targetHints":{"allow":["GET"]}}],"collection":[{"href":"https:\/\/zavolisebe.rs\/en\/wp-json\/wp\/v2\/pages"}],"about":[{"href":"https:\/\/zavolisebe.rs\/en\/wp-json\/wp\/v2\/types\/page"}],"author":[{"embeddable":true,"href":"https:\/\/zavolisebe.rs\/en\/wp-json\/wp\/v2\/users\/1"}],"replies":[{"embeddable":true,"href":"https:\/\/zavolisebe.rs\/en\/wp-json\/wp\/v2\/comments?post=1747"}],"version-history":[{"count":4,"href":"https:\/\/zavolisebe.rs\/en\/wp-json\/wp\/v2\/pages\/1747\/revisions"}],"predecessor-version":[{"id":1761,"href":"https:\/\/zavolisebe.rs\/en\/wp-json\/wp\/v2\/pages\/1747\/revisions\/1761"}],"wp:attachment":[{"href":"https:\/\/zavolisebe.rs\/en\/wp-json\/wp\/v2\/media?parent=1747"}],"curies":[{"name":"wp","href":"https:\/\/api.w.org\/{rel}","templated":true}]}}