{"id":1507,"date":"2024-05-03T14:33:42","date_gmt":"2024-05-03T12:33:42","guid":{"rendered":"https:\/\/zavolisebe.rs\/?page_id=1507"},"modified":"2024-05-03T14:34:57","modified_gmt":"2024-05-03T12:34:57","slug":"prijateljstvo","status":"publish","type":"page","link":"https:\/\/zavolisebe.rs\/en\/prijateljstvo\/","title":{"rendered":"Prijateljstvo"},"content":{"rendered":"<div data-elementor-type=\"wp-page\" data-elementor-id=\"1507\" class=\"elementor elementor-1507\">\n\t\t\t\t<div class=\"elementor-element elementor-element-dc409ee e-flex e-con-boxed e-con e-parent\" data-id=\"dc409ee\" data-element_type=\"container\" data-e-type=\"container\">\n\t\t\t\t\t<div class=\"e-con-inner\">\n\t\t<div class=\"elementor-element elementor-element-6c737fa e-con-full e-flex e-con e-child\" data-id=\"6c737fa\" data-element_type=\"container\" data-e-type=\"container\">\n\t\t\t\t<div class=\"elementor-element elementor-element-e5664bf elementor-widget elementor-widget-heading\" data-id=\"e5664bf\" data-element_type=\"widget\" data-e-type=\"widget\" data-widget_type=\"heading.default\">\n\t\t\t\t\t<h2 class=\"elementor-heading-title elementor-size-default\">Prijateljstvo <\/h2>\t\t\t\t<\/div>\n\t\t\t\t<\/div>\n\t\t<div class=\"elementor-element elementor-element-dd4d8ad e-con-full e-flex e-con e-child\" data-id=\"dd4d8ad\" data-element_type=\"container\" data-e-type=\"container\">\n\t\t\t\t<div class=\"elementor-element elementor-element-74170a3 elementor-widget elementor-widget-text-editor\" data-id=\"74170a3\" data-element_type=\"widget\" data-e-type=\"widget\" data-widget_type=\"text-editor.default\">\n\t\t\t\t\t\t\t\t\t<p>Mi\u0161ljenja sam da je retko \u0161ta tako bitno za dobrobit \u017eena kao prijateljice. Ovde svrstavam i drugarice i poznanice, al ih moram svakako odvojiti od prijateljica. Prijateljstva su na\u0161 najdublji i najiskreniji odnos, za razliku od familije i partnerkog odnosa gde su ume\u0161ane emocije. To je odnos pun razumevanja i empatije gde smo prihva\u0107eni takvi kakvi jesmo bez ikakvog uslovljavanja. Ako to imate znate koliko je to oslobadjaju\u0107e! Prijatelji su neko koga biramo sami i odnos odr\u017eavamo zbog medjusobnog razumevanja i po\u0161tovanja. Prijateljstva moraju biti duboka, stvarna, iskrena i obostrana. Neko sam ko je kroz godine iskusio svakakve radosti, povezivanja, dru\u017eenja, razo\u010darenja, smeh i suze kad je prijateljstvo u pitanju. Kad vratim film unazad jedino \u010dega se se\u0107am su dru\u017eenja i vreme provedeno sa istim tim devojkama, zajedni\u010dki rast i razvoj kad smo sve bile jednake sa istim \u201eproblemima\u201c. Okrenute \u0161oljice kafe da \u201eproreknemo sudbinu\u201c jedna drugoj i smeh&#8230; onaj od koga boli cela utroba, i koji ti kasnije najvi\u0161e nedostaje.\u00a0 Onda dodje neki period odrastanja, razdvajanja, srednja \u0161kola, fakulteti, poslovi, druge dr\u017eave, kada samo sa nekima ostane\u0161 u kontaktu. Vremena za dru\u017eenje u nekom trenutku bude sve manje, al je ba\u0161 zato sve dragocenije. Kako nema\u0161 vremena i mora\u0161 da bira\u0161 skim \u0107e\u0161 da provede\u0161 to malo slobodnog vremena, neki prioriteti se postave, odnosi iskristali\u0161u, a oni povr\u0161ni samo nestanu. Kako vreme prolazi, primeti\u0161 da sve vi\u0161e vremena izdvaja\u0161 za ta dru\u017eenja uz \u0161oljicu kafe ili \u010da\u0161u dobrog vina jer ti prija da se ponovo ose\u0107aj dobro u svojoj ko\u017ei. Prijateljstva su ne\u0161to \u0161to mi je li\u010dno jako bitno, tako da uvek dajem celu sebe u taj odnos, al isto toliko o\u010dekujem i za uzvrat. Imam utisak da \u0161to sam starija, sve vi\u0161e pola\u017eem na odnos sa ljudima koji mi prijaju. Kada smo klinci nekako su nam svi ok i sa svima mo\u017eemo da provodimo vreme bez da nas neko \u201ezra\u010di\u201c. Danas ih je podosta manje, jako sam probirljiva, selekcija mi je vrlo prosta po principu il mi prija\u0161 ili ne, ali ti koji su tu su pravi \u201esoulmates\u201c i vreme provedeno sa njima je neprocenjivo. To su trenuci kada se ja punim energijom, kada baterija iz crvenog prelazi u zeleno. Kada se sa nekim ne uklapam, ne\u00a0 razumem, odnosno ose\u0107am toksi\u010dnost, odmah se povla\u010dim. Nemam potrebu za raspravljanjem, lo\u0161om energijom i tro\u0161enjem na ne\u0161to \u0161to mi ne prija. Negde sam pro\u010ditala da \u017eivotna iskustva i isti intelektualni nivo oja\u010davaju prijateljstva jer se stvara ose\u0107aj empatije i razumevanja, mada iskreno govore\u0107i ono \u0161to sam iskusila je da ljudi koji se dosta dru\u017ee postaju sve sli\u010dniji. Razvijaju se poverenje, vernost i solidarnost, a onda postanu sli\u010dni i po pitanju preferenci, razmi\u0161ljanja, o\u010dekivanja.<\/p><p>Kada jednom osetite prijateljstvo, \u010duvajte taj odnos.<\/p><p>Ako ih nemate, zapitajte se gde gre\u0161ite, probajte da preispitate svoja uverenja, vrednosti i obrasce poana\u0161anja. Da li vam idu u prilog ili nesvesno rade protiv vas?<\/p>\t\t\t\t\t\t\t\t<\/div>\n\t\t\t\t<\/div>\n\t\t\t\t\t<\/div>\n\t\t\t\t<\/div>\n\t\t\t\t<\/div>","protected":false},"excerpt":{"rendered":"<p>Prijateljstvo Mi\u0161ljenja sam da je retko \u0161ta tako bitno za dobrobit \u017eena kao prijateljice. Ovde svrstavam i drugarice i poznanice, al ih moram svakako odvojiti od prijateljica. Prijateljstva su na\u0161 najdublji i najiskreniji odnos, za razliku od familije i partnerkog odnosa gde su ume\u0161ane emocije. To je odnos pun razumevanja i empatije gde smo prihva\u0107eni [&hellip;]<\/p>\n","protected":false},"author":1,"featured_media":0,"parent":0,"menu_order":0,"comment_status":"closed","ping_status":"closed","template":"","meta":{"site-sidebar-layout":"no-sidebar","site-content-layout":"page-builder","ast-site-content-layout":"full-width-container","site-content-style":"default","site-sidebar-style":"default","ast-global-header-display":"","ast-banner-title-visibility":"","ast-main-header-display":"","ast-hfb-above-header-display":"","ast-hfb-below-header-display":"","ast-hfb-mobile-header-display":"","site-post-title":"disabled","ast-breadcrumbs-content":"","ast-featured-img":"disabled","footer-sml-layout":"","ast-disable-related-posts":"","theme-transparent-header-meta":"","adv-header-id-meta":"","stick-header-meta":"","header-above-stick-meta":"","header-main-stick-meta":"","header-below-stick-meta":"","astra-migrate-meta-layouts":"set","ast-page-background-enabled":"default","ast-page-background-meta":{"desktop":{"background-color":"","background-image":"","background-repeat":"repeat","background-position":"center center","background-size":"auto","background-attachment":"scroll","background-type":"","background-media":"","overlay-type":"","overlay-color":"","overlay-opacity":"","overlay-gradient":""},"tablet":{"background-color":"","background-image":"","background-repeat":"repeat","background-position":"center center","background-size":"auto","background-attachment":"scroll","background-type":"","background-media":"","overlay-type":"","overlay-color":"","overlay-opacity":"","overlay-gradient":""},"mobile":{"background-color":"","background-image":"","background-repeat":"repeat","background-position":"center center","background-size":"auto","background-attachment":"scroll","background-type":"","background-media":"","overlay-type":"","overlay-color":"","overlay-opacity":"","overlay-gradient":""}},"ast-content-background-meta":{"desktop":{"background-color":"var(--ast-global-color-5)","background-image":"","background-repeat":"repeat","background-position":"center center","background-size":"auto","background-attachment":"scroll","background-type":"","background-media":"","overlay-type":"","overlay-color":"","overlay-opacity":"","overlay-gradient":""},"tablet":{"background-color":"var(--ast-global-color-5)","background-image":"","background-repeat":"repeat","background-position":"center center","background-size":"auto","background-attachment":"scroll","background-type":"","background-media":"","overlay-type":"","overlay-color":"","overlay-opacity":"","overlay-gradient":""},"mobile":{"background-color":"var(--ast-global-color-5)","background-image":"","background-repeat":"repeat","background-position":"center center","background-size":"auto","background-attachment":"scroll","background-type":"","background-media":"","overlay-type":"","overlay-color":"","overlay-opacity":"","overlay-gradient":""}},"footnotes":""},"class_list":["post-1507","page","type-page","status-publish","hentry"],"yoast_head":"<!-- This site is optimized with the Yoast SEO plugin v27.6 - https:\/\/yoast.com\/product\/yoast-seo-wordpress\/ -->\n<title>Prijateljstvo - ZAVOLI SEBE - NLP Coaching<\/title>\n<meta name=\"robots\" content=\"index, follow, max-snippet:-1, max-image-preview:large, max-video-preview:-1\" \/>\n<link rel=\"canonical\" href=\"https:\/\/zavolisebe.rs\/en\/prijateljstvo\/\" \/>\n<meta property=\"og:locale\" content=\"en_US\" \/>\n<meta property=\"og:type\" content=\"article\" \/>\n<meta property=\"og:title\" content=\"Prijateljstvo - ZAVOLI SEBE - NLP Coaching\" \/>\n<meta property=\"og:description\" content=\"Prijateljstvo Mi\u0161ljenja sam da je retko \u0161ta tako bitno za dobrobit \u017eena kao prijateljice. Ovde svrstavam i drugarice i poznanice, al ih moram svakako odvojiti od prijateljica. Prijateljstva su na\u0161 najdublji i najiskreniji odnos, za razliku od familije i partnerkog odnosa gde su ume\u0161ane emocije. To je odnos pun razumevanja i empatije gde smo prihva\u0107eni [&hellip;]\" \/>\n<meta property=\"og:url\" content=\"https:\/\/zavolisebe.rs\/en\/prijateljstvo\/\" \/>\n<meta property=\"og:site_name\" content=\"ZAVOLI SEBE - NLP Coaching\" \/>\n<meta property=\"article:modified_time\" content=\"2024-05-03T12:34:57+00:00\" \/>\n<meta name=\"twitter:card\" content=\"summary_large_image\" \/>\n<meta name=\"twitter:label1\" content=\"Est. reading time\" \/>\n\t<meta name=\"twitter:data1\" content=\"3 minutes\" \/>\n<script type=\"application\/ld+json\" class=\"yoast-schema-graph\">{\"@context\":\"https:\\\/\\\/schema.org\",\"@graph\":[{\"@type\":\"WebPage\",\"@id\":\"https:\\\/\\\/zavolisebe.rs\\\/prijateljstvo\\\/\",\"url\":\"https:\\\/\\\/zavolisebe.rs\\\/prijateljstvo\\\/\",\"name\":\"Prijateljstvo - ZAVOLI SEBE - NLP Coaching\",\"isPartOf\":{\"@id\":\"https:\\\/\\\/zavolisebe.rs\\\/#website\"},\"datePublished\":\"2024-05-03T12:33:42+00:00\",\"dateModified\":\"2024-05-03T12:34:57+00:00\",\"breadcrumb\":{\"@id\":\"https:\\\/\\\/zavolisebe.rs\\\/prijateljstvo\\\/#breadcrumb\"},\"inLanguage\":\"en-US\",\"potentialAction\":[{\"@type\":\"ReadAction\",\"target\":[\"https:\\\/\\\/zavolisebe.rs\\\/prijateljstvo\\\/\"]}]},{\"@type\":\"BreadcrumbList\",\"@id\":\"https:\\\/\\\/zavolisebe.rs\\\/prijateljstvo\\\/#breadcrumb\",\"itemListElement\":[{\"@type\":\"ListItem\",\"position\":1,\"name\":\"Home\",\"item\":\"https:\\\/\\\/zavolisebe.rs\\\/\"},{\"@type\":\"ListItem\",\"position\":2,\"name\":\"Prijateljstvo\"}]},{\"@type\":\"WebSite\",\"@id\":\"https:\\\/\\\/zavolisebe.rs\\\/#website\",\"url\":\"https:\\\/\\\/zavolisebe.rs\\\/\",\"name\":\"ZAVOLI SEBE - NLP Coaching\",\"description\":\"Otklju\u010dajte svoj potencijal na vodjenim coaching sesijama, promenite ograni\u010davaju\u0107a uverenja, toksi\u010dne obrasce pona\u0161anja i postavite svoje ciljeve. Zavolite sebe.\",\"publisher\":{\"@id\":\"https:\\\/\\\/zavolisebe.rs\\\/#organization\"},\"potentialAction\":[{\"@type\":\"SearchAction\",\"target\":{\"@type\":\"EntryPoint\",\"urlTemplate\":\"https:\\\/\\\/zavolisebe.rs\\\/?s={search_term_string}\"},\"query-input\":{\"@type\":\"PropertyValueSpecification\",\"valueRequired\":true,\"valueName\":\"search_term_string\"}}],\"inLanguage\":\"en-US\"},{\"@type\":\"Organization\",\"@id\":\"https:\\\/\\\/zavolisebe.rs\\\/#organization\",\"name\":\"ZAVOLI SEBE - NLP Coaching\",\"url\":\"https:\\\/\\\/zavolisebe.rs\\\/\",\"logo\":{\"@type\":\"ImageObject\",\"inLanguage\":\"en-US\",\"@id\":\"https:\\\/\\\/zavolisebe.rs\\\/#\\\/schema\\\/logo\\\/image\\\/\",\"url\":\"https:\\\/\\\/zavolisebe.rs\\\/wp-content\\\/uploads\\\/2024\\\/03\\\/cropped-IMG_6596.jpg\",\"contentUrl\":\"https:\\\/\\\/zavolisebe.rs\\\/wp-content\\\/uploads\\\/2024\\\/03\\\/cropped-IMG_6596.jpg\",\"width\":251,\"height\":83,\"caption\":\"ZAVOLI SEBE - NLP Coaching\"},\"image\":{\"@id\":\"https:\\\/\\\/zavolisebe.rs\\\/#\\\/schema\\\/logo\\\/image\\\/\"}}]}<\/script>\n<!-- \/ Yoast SEO plugin. -->","yoast_head_json":{"title":"Prijateljstvo - ZAVOLI SEBE - NLP Coaching","robots":{"index":"index","follow":"follow","max-snippet":"max-snippet:-1","max-image-preview":"max-image-preview:large","max-video-preview":"max-video-preview:-1"},"canonical":"https:\/\/zavolisebe.rs\/en\/prijateljstvo\/","og_locale":"en_US","og_type":"article","og_title":"Prijateljstvo - ZAVOLI SEBE - NLP Coaching","og_description":"Prijateljstvo Mi\u0161ljenja sam da je retko \u0161ta tako bitno za dobrobit \u017eena kao prijateljice. Ovde svrstavam i drugarice i poznanice, al ih moram svakako odvojiti od prijateljica. Prijateljstva su na\u0161 najdublji i najiskreniji odnos, za razliku od familije i partnerkog odnosa gde su ume\u0161ane emocije. To je odnos pun razumevanja i empatije gde smo prihva\u0107eni [&hellip;]","og_url":"https:\/\/zavolisebe.rs\/en\/prijateljstvo\/","og_site_name":"ZAVOLI SEBE - NLP Coaching","article_modified_time":"2024-05-03T12:34:57+00:00","twitter_card":"summary_large_image","twitter_misc":{"Est. reading time":"3 minutes"},"schema":{"@context":"https:\/\/schema.org","@graph":[{"@type":"WebPage","@id":"https:\/\/zavolisebe.rs\/prijateljstvo\/","url":"https:\/\/zavolisebe.rs\/prijateljstvo\/","name":"Prijateljstvo - ZAVOLI SEBE - NLP Coaching","isPartOf":{"@id":"https:\/\/zavolisebe.rs\/#website"},"datePublished":"2024-05-03T12:33:42+00:00","dateModified":"2024-05-03T12:34:57+00:00","breadcrumb":{"@id":"https:\/\/zavolisebe.rs\/prijateljstvo\/#breadcrumb"},"inLanguage":"en-US","potentialAction":[{"@type":"ReadAction","target":["https:\/\/zavolisebe.rs\/prijateljstvo\/"]}]},{"@type":"BreadcrumbList","@id":"https:\/\/zavolisebe.rs\/prijateljstvo\/#breadcrumb","itemListElement":[{"@type":"ListItem","position":1,"name":"Home","item":"https:\/\/zavolisebe.rs\/"},{"@type":"ListItem","position":2,"name":"Prijateljstvo"}]},{"@type":"WebSite","@id":"https:\/\/zavolisebe.rs\/#website","url":"https:\/\/zavolisebe.rs\/","name":"ZAVOLI SEBE - NLP Coaching","description":"Otklju\u010dajte svoj potencijal na vodjenim coaching sesijama, promenite ograni\u010davaju\u0107a uverenja, toksi\u010dne obrasce pona\u0161anja i postavite svoje ciljeve. Zavolite sebe.","publisher":{"@id":"https:\/\/zavolisebe.rs\/#organization"},"potentialAction":[{"@type":"SearchAction","target":{"@type":"EntryPoint","urlTemplate":"https:\/\/zavolisebe.rs\/?s={search_term_string}"},"query-input":{"@type":"PropertyValueSpecification","valueRequired":true,"valueName":"search_term_string"}}],"inLanguage":"en-US"},{"@type":"Organization","@id":"https:\/\/zavolisebe.rs\/#organization","name":"ZAVOLI SEBE - NLP Coaching","url":"https:\/\/zavolisebe.rs\/","logo":{"@type":"ImageObject","inLanguage":"en-US","@id":"https:\/\/zavolisebe.rs\/#\/schema\/logo\/image\/","url":"https:\/\/zavolisebe.rs\/wp-content\/uploads\/2024\/03\/cropped-IMG_6596.jpg","contentUrl":"https:\/\/zavolisebe.rs\/wp-content\/uploads\/2024\/03\/cropped-IMG_6596.jpg","width":251,"height":83,"caption":"ZAVOLI SEBE - NLP Coaching"},"image":{"@id":"https:\/\/zavolisebe.rs\/#\/schema\/logo\/image\/"}}]}},"_links":{"self":[{"href":"https:\/\/zavolisebe.rs\/en\/wp-json\/wp\/v2\/pages\/1507","targetHints":{"allow":["GET"]}}],"collection":[{"href":"https:\/\/zavolisebe.rs\/en\/wp-json\/wp\/v2\/pages"}],"about":[{"href":"https:\/\/zavolisebe.rs\/en\/wp-json\/wp\/v2\/types\/page"}],"author":[{"embeddable":true,"href":"https:\/\/zavolisebe.rs\/en\/wp-json\/wp\/v2\/users\/1"}],"replies":[{"embeddable":true,"href":"https:\/\/zavolisebe.rs\/en\/wp-json\/wp\/v2\/comments?post=1507"}],"version-history":[{"count":4,"href":"https:\/\/zavolisebe.rs\/en\/wp-json\/wp\/v2\/pages\/1507\/revisions"}],"predecessor-version":[{"id":1511,"href":"https:\/\/zavolisebe.rs\/en\/wp-json\/wp\/v2\/pages\/1507\/revisions\/1511"}],"wp:attachment":[{"href":"https:\/\/zavolisebe.rs\/en\/wp-json\/wp\/v2\/media?parent=1507"}],"curies":[{"name":"wp","href":"https:\/\/api.w.org\/{rel}","templated":true}]}}