{"id":1250,"date":"2024-02-23T20:52:28","date_gmt":"2024-02-23T19:52:28","guid":{"rendered":"https:\/\/nlpcoachme.online\/?page_id=1250"},"modified":"2024-02-24T19:01:21","modified_gmt":"2024-02-24T18:01:21","slug":"trenin-za-zene","status":"publish","type":"page","link":"https:\/\/zavolisebe.rs\/en\/trenin-za-zene\/","title":{"rendered":"Trenin za \u017eene"},"content":{"rendered":"\t\t<div data-elementor-type=\"wp-page\" data-elementor-id=\"1250\" class=\"elementor elementor-1250\">\n\t\t\t\t<div class=\"elementor-element elementor-element-1e65af6 e-flex e-con-boxed e-con e-parent\" data-id=\"1e65af6\" data-element_type=\"container\" data-e-type=\"container\">\n\t\t\t\t\t<div class=\"e-con-inner\">\n\t\t<div class=\"elementor-element elementor-element-f167d9c e-con-full e-flex e-con e-child\" data-id=\"f167d9c\" data-element_type=\"container\" data-e-type=\"container\">\n\t\t\t\t<div class=\"elementor-element elementor-element-6c3992b elementor-widget elementor-widget-heading\" data-id=\"6c3992b\" data-element_type=\"widget\" data-e-type=\"widget\" data-widget_type=\"heading.default\">\n\t\t\t\t\t<h2 class=\"elementor-heading-title elementor-size-default\">Trening za \u017eene <\/h2>\t\t\t\t<\/div>\n\t\t\t\t<\/div>\n\t\t<div class=\"elementor-element elementor-element-5d500f6 e-con-full e-flex e-con e-child\" data-id=\"5d500f6\" data-element_type=\"container\" data-e-type=\"container\">\n\t\t\t\t<div class=\"elementor-element elementor-element-48aba41 elementor-widget elementor-widget-text-editor\" data-id=\"48aba41\" data-element_type=\"widget\" data-e-type=\"widget\" data-widget_type=\"text-editor.default\">\n\t\t\t\t\t\t\t\t\t<p><strong>Kroz upoznavanje, opu\u0161tanje i otvaranje, kroz pri\u010du svake polaznice pojedina\u010dno, ima\u0107ete priliku da razmislite o sebi, osvestite gde se nalazite, \u0161ta ste postigle, propustile, \u017eelele a odustale, ostvarile, potisnule\u2026 i gde ste mo\u017eda u svemu tome izgubile sebe u me\u0111uvremenu.<\/strong><\/p><p><strong>\u00a0<\/strong><\/p><p><strong>Ako ose\u0107ate da mo\u017eete vi\u0161e, da vam ne\u0161to nedostaje da se pokrenete, da se vrtite u krug i nikako ne pronalazite izlaz, svakako ste na pravom mestu.<\/strong><\/p><p><strong>\u00a0<\/strong><\/p><p><strong>Interaktivni pristup treningu omogu\u0107ava svakoj polaznici da stekne uvid u svoje stanje, osvesti potisnute \u017eelje i spoznanja, da sagleda \u010dime je zadovoljna, \u010dime nije, \u00a0postane svesna resursa koje poseduje kao i neophodnih koraka ka cilju.<\/strong><\/p><p><strong>\u00a0<\/strong><\/p><p><strong>Trening \u0107e uklju\u010divati ve\u017ebe kojima \u0107ete definisati svoje vrednosti i postaviti konkretni cilj s strategijom realizacije, tako da \u0107e svaka polaznica sa treninga iza\u0107i s postavljenim ciljem, popisom resursa koje posjeduje, onim \u0161to joj nedostaje te idejom kako da to postigne. <\/strong><\/p><p><strong>\u00a0<\/strong><\/p><p><strong>To je sjajan na\u010din da se pomerite s mesta, korak po korak ostvarite svoje potencijale i prona\u0111ete izlaz za sebe! <\/strong><\/p><p><strong>PRIJAVITE SE POPUNJAVANJEM FORME ISPOD TEKSTA<\/strong><\/p>\t\t\t\t\t\t\t\t<\/div>\n\t\t\t\t<\/div>\n\t\t\t\t\t<\/div>\n\t\t\t\t<\/div>\n\t\t<div class=\"elementor-element elementor-element-9c2261b e-con-full e-flex e-con e-parent\" data-id=\"9c2261b\" data-element_type=\"container\" data-e-type=\"container\">\n\t\t\t\t<div class=\"elementor-element elementor-element-9ea8524 elementor-widget elementor-widget-wpforms\" data-id=\"9ea8524\" data-element_type=\"widget\" data-e-type=\"widget\" data-widget_type=\"wpforms.default\">\n\t\t\t\t<div class=\"elementor-widget-container\">\n\t\t\t\t\t<div class=\"wpforms-container \" id=\"wpforms-1243\"><form id=\"wpforms-form-1243\" class=\"wpforms-validate wpforms-form wpforms-ajax-form\" data-formid=\"1243\" method=\"post\" enctype=\"multipart\/form-data\" action=\"\/en\/wp-json\/wp\/v2\/pages\/1250\" data-token=\"409f950d540da89594172e025eb182b3\" data-token-time=\"1778785828\"><noscript class=\"wpforms-error-noscript\">Please enable JavaScript in your browser to complete this form.<\/noscript><div class=\"wpforms-field-container\"><div id=\"wpforms-1243-field_1-container\" class=\"wpforms-field wpforms-field-name\" data-field-id=\"1\"><label class=\"wpforms-field-label\">Ime i Prezime <span class=\"wpforms-required-label\">*<\/span><\/label><div class=\"wpforms-field-row wpforms-field-medium\"><div class=\"wpforms-field-row-block wpforms-first wpforms-one-half\"><input type=\"text\" id=\"wpforms-1243-field_1\" class=\"wpforms-field-name-first wpforms-field-required\" name=\"wpforms[fields][1][first]\" required><label for=\"wpforms-1243-field_1\" class=\"wpforms-field-sublabel after\">First<\/label><\/div><div class=\"wpforms-field-row-block wpforms-one-half\"><input type=\"text\" id=\"wpforms-1243-field_1-last\" class=\"wpforms-field-name-last wpforms-field-required\" name=\"wpforms[fields][1][last]\" required><label for=\"wpforms-1243-field_1-last\" class=\"wpforms-field-sublabel after\">Last<\/label><\/div><\/div><\/div><div id=\"wpforms-1243-field_2-container\" class=\"wpforms-field wpforms-field-email\" data-field-id=\"2\"><label class=\"wpforms-field-label\" for=\"wpforms-1243-field_2\">Email <span class=\"wpforms-required-label\">*<\/span><\/label><input type=\"email\" id=\"wpforms-1243-field_2\" class=\"wpforms-field-medium wpforms-field-required\" name=\"wpforms[fields][2]\" spellcheck=\"false\" required><\/div><\/div><!-- .wpforms-field-container --><div class=\"wpforms-submit-container\" ><input type=\"hidden\" name=\"wpforms[id]\" value=\"1243\"><input type=\"hidden\" name=\"page_title\" value=\"\"><input type=\"hidden\" name=\"page_url\" value=\"https:\/\/zavolisebe.rs\/en\/wp-json\/wp\/v2\/pages\/1250\"><input type=\"hidden\" name=\"url_referer\" value=\"\"><button type=\"submit\" name=\"wpforms[submit]\" id=\"wpforms-submit-1243\" class=\"wpforms-submit\" data-alt-text=\"Sending...\" data-submit-text=\"PO\u0160ALJI\" aria-live=\"assertive\" value=\"wpforms-submit\">PO\u0160ALJI<\/button><img decoding=\"async\" src=\"https:\/\/zavolisebe.rs\/wp-content\/plugins\/wpforms-lite\/assets\/images\/submit-spin.svg\" class=\"wpforms-submit-spinner\" style=\"display: none;\" width=\"26\" height=\"26\" alt=\"Loading\"><\/div><\/form><\/div>  <!-- .wpforms-container -->\t\t\t\t<\/div>\n\t\t\t\t<\/div>\n\t\t\t\t<\/div>\n\t\t\t\t<\/div>\n\t\t","protected":false},"excerpt":{"rendered":"<p>Trening za \u017eene Kroz upoznavanje, opu\u0161tanje i otvaranje, kroz pri\u010du svake polaznice pojedina\u010dno, ima\u0107ete priliku da razmislite o sebi, osvestite gde se nalazite, \u0161ta ste postigle, propustile, \u017eelele a odustale, ostvarile, potisnule\u2026 i gde ste mo\u017eda u svemu tome izgubile sebe u me\u0111uvremenu. \u00a0 Ako ose\u0107ate da mo\u017eete vi\u0161e, da vam ne\u0161to nedostaje da se [&hellip;]<\/p>\n","protected":false},"author":1,"featured_media":0,"parent":0,"menu_order":0,"comment_status":"closed","ping_status":"closed","template":"","meta":{"site-sidebar-layout":"no-sidebar","site-content-layout":"page-builder","ast-site-content-layout":"full-width-container","site-content-style":"default","site-sidebar-style":"default","ast-global-header-display":"","ast-banner-title-visibility":"","ast-main-header-display":"","ast-hfb-above-header-display":"","ast-hfb-below-header-display":"","ast-hfb-mobile-header-display":"","site-post-title":"disabled","ast-breadcrumbs-content":"","ast-featured-img":"disabled","footer-sml-layout":"","ast-disable-related-posts":"","theme-transparent-header-meta":"","adv-header-id-meta":"","stick-header-meta":"","header-above-stick-meta":"","header-main-stick-meta":"","header-below-stick-meta":"","astra-migrate-meta-layouts":"set","ast-page-background-enabled":"default","ast-page-background-meta":{"desktop":{"background-color":"","background-image":"","background-repeat":"repeat","background-position":"center center","background-size":"auto","background-attachment":"scroll","background-type":"","background-media":"","overlay-type":"","overlay-color":"","overlay-opacity":"","overlay-gradient":""},"tablet":{"background-color":"","background-image":"","background-repeat":"repeat","background-position":"center center","background-size":"auto","background-attachment":"scroll","background-type":"","background-media":"","overlay-type":"","overlay-color":"","overlay-opacity":"","overlay-gradient":""},"mobile":{"background-color":"","background-image":"","background-repeat":"repeat","background-position":"center center","background-size":"auto","background-attachment":"scroll","background-type":"","background-media":"","overlay-type":"","overlay-color":"","overlay-opacity":"","overlay-gradient":""}},"ast-content-background-meta":{"desktop":{"background-color":"var(--ast-global-color-5)","background-image":"","background-repeat":"repeat","background-position":"center center","background-size":"auto","background-attachment":"scroll","background-type":"","background-media":"","overlay-type":"","overlay-color":"","overlay-opacity":"","overlay-gradient":""},"tablet":{"background-color":"var(--ast-global-color-5)","background-image":"","background-repeat":"repeat","background-position":"center center","background-size":"auto","background-attachment":"scroll","background-type":"","background-media":"","overlay-type":"","overlay-color":"","overlay-opacity":"","overlay-gradient":""},"mobile":{"background-color":"var(--ast-global-color-5)","background-image":"","background-repeat":"repeat","background-position":"center center","background-size":"auto","background-attachment":"scroll","background-type":"","background-media":"","overlay-type":"","overlay-color":"","overlay-opacity":"","overlay-gradient":""}},"footnotes":""},"class_list":["post-1250","page","type-page","status-publish","hentry"],"yoast_head":"<!-- This site is optimized with the Yoast SEO plugin v27.6 - https:\/\/yoast.com\/product\/yoast-seo-wordpress\/ -->\n<title>Trenin za \u017eene - ZAVOLI SEBE - NLP Coaching<\/title>\n<meta name=\"robots\" content=\"index, follow, max-snippet:-1, max-image-preview:large, max-video-preview:-1\" \/>\n<link rel=\"canonical\" href=\"https:\/\/zavolisebe.rs\/en\/trenin-za-zene\/\" \/>\n<meta property=\"og:locale\" content=\"en_US\" \/>\n<meta property=\"og:type\" content=\"article\" \/>\n<meta property=\"og:title\" content=\"Trenin za \u017eene - ZAVOLI SEBE - NLP Coaching\" \/>\n<meta property=\"og:description\" content=\"Trening za \u017eene Kroz upoznavanje, opu\u0161tanje i otvaranje, kroz pri\u010du svake polaznice pojedina\u010dno, ima\u0107ete priliku da razmislite o sebi, osvestite gde se nalazite, \u0161ta ste postigle, propustile, \u017eelele a odustale, ostvarile, potisnule\u2026 i gde ste mo\u017eda u svemu tome izgubile sebe u me\u0111uvremenu. \u00a0 Ako ose\u0107ate da mo\u017eete vi\u0161e, da vam ne\u0161to nedostaje da se [&hellip;]\" \/>\n<meta property=\"og:url\" content=\"https:\/\/zavolisebe.rs\/en\/trenin-za-zene\/\" \/>\n<meta property=\"og:site_name\" content=\"ZAVOLI SEBE - NLP Coaching\" \/>\n<meta property=\"article:modified_time\" content=\"2024-02-24T18:01:21+00:00\" \/>\n<meta property=\"og:image\" content=\"https:\/\/zavolisebe.rs\/wp-content\/plugins\/wpforms-lite\/assets\/images\/submit-spin.svg\" \/>\n<meta name=\"twitter:card\" content=\"summary_large_image\" \/>\n<meta name=\"twitter:label1\" content=\"Est. reading time\" \/>\n\t<meta name=\"twitter:data1\" content=\"1 minute\" \/>\n<script type=\"application\/ld+json\" class=\"yoast-schema-graph\">{\"@context\":\"https:\\\/\\\/schema.org\",\"@graph\":[{\"@type\":\"WebPage\",\"@id\":\"https:\\\/\\\/zavolisebe.rs\\\/trenin-za-zene\\\/\",\"url\":\"https:\\\/\\\/zavolisebe.rs\\\/trenin-za-zene\\\/\",\"name\":\"Trenin za \u017eene - ZAVOLI SEBE - NLP Coaching\",\"isPartOf\":{\"@id\":\"https:\\\/\\\/zavolisebe.rs\\\/#website\"},\"primaryImageOfPage\":{\"@id\":\"https:\\\/\\\/zavolisebe.rs\\\/trenin-za-zene\\\/#primaryimage\"},\"image\":{\"@id\":\"https:\\\/\\\/zavolisebe.rs\\\/trenin-za-zene\\\/#primaryimage\"},\"thumbnailUrl\":\"https:\\\/\\\/zavolisebe.rs\\\/wp-content\\\/plugins\\\/wpforms-lite\\\/assets\\\/images\\\/submit-spin.svg\",\"datePublished\":\"2024-02-23T19:52:28+00:00\",\"dateModified\":\"2024-02-24T18:01:21+00:00\",\"breadcrumb\":{\"@id\":\"https:\\\/\\\/zavolisebe.rs\\\/trenin-za-zene\\\/#breadcrumb\"},\"inLanguage\":\"en-US\",\"potentialAction\":[{\"@type\":\"ReadAction\",\"target\":[\"https:\\\/\\\/zavolisebe.rs\\\/trenin-za-zene\\\/\"]}]},{\"@type\":\"ImageObject\",\"inLanguage\":\"en-US\",\"@id\":\"https:\\\/\\\/zavolisebe.rs\\\/trenin-za-zene\\\/#primaryimage\",\"url\":\"https:\\\/\\\/zavolisebe.rs\\\/wp-content\\\/plugins\\\/wpforms-lite\\\/assets\\\/images\\\/submit-spin.svg\",\"contentUrl\":\"https:\\\/\\\/zavolisebe.rs\\\/wp-content\\\/plugins\\\/wpforms-lite\\\/assets\\\/images\\\/submit-spin.svg\"},{\"@type\":\"BreadcrumbList\",\"@id\":\"https:\\\/\\\/zavolisebe.rs\\\/trenin-za-zene\\\/#breadcrumb\",\"itemListElement\":[{\"@type\":\"ListItem\",\"position\":1,\"name\":\"Home\",\"item\":\"https:\\\/\\\/zavolisebe.rs\\\/\"},{\"@type\":\"ListItem\",\"position\":2,\"name\":\"Trenin za \u017eene\"}]},{\"@type\":\"WebSite\",\"@id\":\"https:\\\/\\\/zavolisebe.rs\\\/#website\",\"url\":\"https:\\\/\\\/zavolisebe.rs\\\/\",\"name\":\"ZAVOLI SEBE - NLP Coaching\",\"description\":\"Otklju\u010dajte svoj potencijal na vodjenim coaching sesijama, promenite ograni\u010davaju\u0107a uverenja, toksi\u010dne obrasce pona\u0161anja i postavite svoje ciljeve. Zavolite sebe.\",\"publisher\":{\"@id\":\"https:\\\/\\\/zavolisebe.rs\\\/#organization\"},\"potentialAction\":[{\"@type\":\"SearchAction\",\"target\":{\"@type\":\"EntryPoint\",\"urlTemplate\":\"https:\\\/\\\/zavolisebe.rs\\\/?s={search_term_string}\"},\"query-input\":{\"@type\":\"PropertyValueSpecification\",\"valueRequired\":true,\"valueName\":\"search_term_string\"}}],\"inLanguage\":\"en-US\"},{\"@type\":\"Organization\",\"@id\":\"https:\\\/\\\/zavolisebe.rs\\\/#organization\",\"name\":\"ZAVOLI SEBE - NLP Coaching\",\"url\":\"https:\\\/\\\/zavolisebe.rs\\\/\",\"logo\":{\"@type\":\"ImageObject\",\"inLanguage\":\"en-US\",\"@id\":\"https:\\\/\\\/zavolisebe.rs\\\/#\\\/schema\\\/logo\\\/image\\\/\",\"url\":\"https:\\\/\\\/zavolisebe.rs\\\/wp-content\\\/uploads\\\/2024\\\/03\\\/cropped-IMG_6596.jpg\",\"contentUrl\":\"https:\\\/\\\/zavolisebe.rs\\\/wp-content\\\/uploads\\\/2024\\\/03\\\/cropped-IMG_6596.jpg\",\"width\":251,\"height\":83,\"caption\":\"ZAVOLI SEBE - NLP Coaching\"},\"image\":{\"@id\":\"https:\\\/\\\/zavolisebe.rs\\\/#\\\/schema\\\/logo\\\/image\\\/\"}}]}<\/script>\n<!-- \/ Yoast SEO plugin. -->","yoast_head_json":{"title":"Trenin za \u017eene - ZAVOLI SEBE - NLP Coaching","robots":{"index":"index","follow":"follow","max-snippet":"max-snippet:-1","max-image-preview":"max-image-preview:large","max-video-preview":"max-video-preview:-1"},"canonical":"https:\/\/zavolisebe.rs\/en\/trenin-za-zene\/","og_locale":"en_US","og_type":"article","og_title":"Trenin za \u017eene - ZAVOLI SEBE - NLP Coaching","og_description":"Trening za \u017eene Kroz upoznavanje, opu\u0161tanje i otvaranje, kroz pri\u010du svake polaznice pojedina\u010dno, ima\u0107ete priliku da razmislite o sebi, osvestite gde se nalazite, \u0161ta ste postigle, propustile, \u017eelele a odustale, ostvarile, potisnule\u2026 i gde ste mo\u017eda u svemu tome izgubile sebe u me\u0111uvremenu. \u00a0 Ako ose\u0107ate da mo\u017eete vi\u0161e, da vam ne\u0161to nedostaje da se [&hellip;]","og_url":"https:\/\/zavolisebe.rs\/en\/trenin-za-zene\/","og_site_name":"ZAVOLI SEBE - NLP Coaching","article_modified_time":"2024-02-24T18:01:21+00:00","og_image":[{"url":"https:\/\/zavolisebe.rs\/wp-content\/plugins\/wpforms-lite\/assets\/images\/submit-spin.svg","type":"","width":"","height":""}],"twitter_card":"summary_large_image","twitter_misc":{"Est. reading time":"1 minute"},"schema":{"@context":"https:\/\/schema.org","@graph":[{"@type":"WebPage","@id":"https:\/\/zavolisebe.rs\/trenin-za-zene\/","url":"https:\/\/zavolisebe.rs\/trenin-za-zene\/","name":"Trenin za \u017eene - ZAVOLI SEBE - NLP Coaching","isPartOf":{"@id":"https:\/\/zavolisebe.rs\/#website"},"primaryImageOfPage":{"@id":"https:\/\/zavolisebe.rs\/trenin-za-zene\/#primaryimage"},"image":{"@id":"https:\/\/zavolisebe.rs\/trenin-za-zene\/#primaryimage"},"thumbnailUrl":"https:\/\/zavolisebe.rs\/wp-content\/plugins\/wpforms-lite\/assets\/images\/submit-spin.svg","datePublished":"2024-02-23T19:52:28+00:00","dateModified":"2024-02-24T18:01:21+00:00","breadcrumb":{"@id":"https:\/\/zavolisebe.rs\/trenin-za-zene\/#breadcrumb"},"inLanguage":"en-US","potentialAction":[{"@type":"ReadAction","target":["https:\/\/zavolisebe.rs\/trenin-za-zene\/"]}]},{"@type":"ImageObject","inLanguage":"en-US","@id":"https:\/\/zavolisebe.rs\/trenin-za-zene\/#primaryimage","url":"https:\/\/zavolisebe.rs\/wp-content\/plugins\/wpforms-lite\/assets\/images\/submit-spin.svg","contentUrl":"https:\/\/zavolisebe.rs\/wp-content\/plugins\/wpforms-lite\/assets\/images\/submit-spin.svg"},{"@type":"BreadcrumbList","@id":"https:\/\/zavolisebe.rs\/trenin-za-zene\/#breadcrumb","itemListElement":[{"@type":"ListItem","position":1,"name":"Home","item":"https:\/\/zavolisebe.rs\/"},{"@type":"ListItem","position":2,"name":"Trenin za \u017eene"}]},{"@type":"WebSite","@id":"https:\/\/zavolisebe.rs\/#website","url":"https:\/\/zavolisebe.rs\/","name":"ZAVOLI SEBE - NLP Coaching","description":"Otklju\u010dajte svoj potencijal na vodjenim coaching sesijama, promenite ograni\u010davaju\u0107a uverenja, toksi\u010dne obrasce pona\u0161anja i postavite svoje ciljeve. Zavolite sebe.","publisher":{"@id":"https:\/\/zavolisebe.rs\/#organization"},"potentialAction":[{"@type":"SearchAction","target":{"@type":"EntryPoint","urlTemplate":"https:\/\/zavolisebe.rs\/?s={search_term_string}"},"query-input":{"@type":"PropertyValueSpecification","valueRequired":true,"valueName":"search_term_string"}}],"inLanguage":"en-US"},{"@type":"Organization","@id":"https:\/\/zavolisebe.rs\/#organization","name":"ZAVOLI SEBE - NLP Coaching","url":"https:\/\/zavolisebe.rs\/","logo":{"@type":"ImageObject","inLanguage":"en-US","@id":"https:\/\/zavolisebe.rs\/#\/schema\/logo\/image\/","url":"https:\/\/zavolisebe.rs\/wp-content\/uploads\/2024\/03\/cropped-IMG_6596.jpg","contentUrl":"https:\/\/zavolisebe.rs\/wp-content\/uploads\/2024\/03\/cropped-IMG_6596.jpg","width":251,"height":83,"caption":"ZAVOLI SEBE - NLP Coaching"},"image":{"@id":"https:\/\/zavolisebe.rs\/#\/schema\/logo\/image\/"}}]}},"_links":{"self":[{"href":"https:\/\/zavolisebe.rs\/en\/wp-json\/wp\/v2\/pages\/1250","targetHints":{"allow":["GET"]}}],"collection":[{"href":"https:\/\/zavolisebe.rs\/en\/wp-json\/wp\/v2\/pages"}],"about":[{"href":"https:\/\/zavolisebe.rs\/en\/wp-json\/wp\/v2\/types\/page"}],"author":[{"embeddable":true,"href":"https:\/\/zavolisebe.rs\/en\/wp-json\/wp\/v2\/users\/1"}],"replies":[{"embeddable":true,"href":"https:\/\/zavolisebe.rs\/en\/wp-json\/wp\/v2\/comments?post=1250"}],"version-history":[{"count":10,"href":"https:\/\/zavolisebe.rs\/en\/wp-json\/wp\/v2\/pages\/1250\/revisions"}],"predecessor-version":[{"id":1282,"href":"https:\/\/zavolisebe.rs\/en\/wp-json\/wp\/v2\/pages\/1250\/revisions\/1282"}],"wp:attachment":[{"href":"https:\/\/zavolisebe.rs\/en\/wp-json\/wp\/v2\/media?parent=1250"}],"curies":[{"name":"wp","href":"https:\/\/api.w.org\/{rel}","templated":true}]}}