{"id":1201,"date":"2024-02-23T19:36:45","date_gmt":"2024-02-23T18:36:45","guid":{"rendered":"https:\/\/nlpcoachme.online\/?page_id=1201"},"modified":"2024-02-23T19:42:25","modified_gmt":"2024-02-23T18:42:25","slug":"na-mojim-coaching-sesijama","status":"publish","type":"page","link":"https:\/\/zavolisebe.rs\/en\/na-mojim-coaching-sesijama\/","title":{"rendered":"In my coaching sessions"},"content":{"rendered":"<div data-elementor-type=\"wp-page\" data-elementor-id=\"1201\" class=\"elementor elementor-1201\">\n\t\t\t\t<div class=\"elementor-element elementor-element-3eb0d63 e-flex e-con-boxed e-con e-parent\" data-id=\"3eb0d63\" data-element_type=\"container\" data-e-type=\"container\">\n\t\t\t\t\t<div class=\"e-con-inner\">\n\t\t<div class=\"elementor-element elementor-element-f828bd3 e-con-full e-flex e-con e-child\" data-id=\"f828bd3\" data-element_type=\"container\" data-e-type=\"container\">\n\t\t\t\t<div class=\"elementor-element elementor-element-1466c9f elementor-widget elementor-widget-heading\" data-id=\"1466c9f\" data-element_type=\"widget\" data-e-type=\"widget\" data-widget_type=\"heading.default\">\n\t\t\t\t\t<h2 class=\"elementor-heading-title elementor-size-default\">In my coaching sessions <\/h2>\t\t\t\t<\/div>\n\t\t\t\t<\/div>\n\t\t<div class=\"elementor-element elementor-element-58df353 e-con-full e-flex e-con e-child\" data-id=\"58df353\" data-element_type=\"container\" data-e-type=\"container\">\n\t\t\t\t<div class=\"elementor-element elementor-element-4b49df1 elementor-widget elementor-widget-text-editor\" data-id=\"4b49df1\" data-element_type=\"widget\" data-e-type=\"widget\" data-widget_type=\"text-editor.default\">\n\t\t\t\t\t\t\t\t\t<p>Primarily, I use conversations, ask questions and create space for reflection so that clients can better understand what is really important to them, what fulfills them and what they value in their work and life. I encourage clients to consider their previous professional and life experiences and to identify situations in which they felt satisfied and successful. Through conversation, we explore their values that they consider important in their life and career, through analysis and exercises, I help them recognize which values are key for them.<\/p><p>When the topic is a career change, I help them recognize their talents and values, the patterns they have in their thinking, how it affects their feelings and behaviors, in what way they are useful or not. I use a variety of exercises to help clients discover their natural tendencies, abilities and what they are really good at. I focus on understanding their inner desires, talents and values. Taking these factors into account, we work together to develop a plan to achieve their goals, all in line with their interests and potential.<\/p><p>When we &quot;encounter&quot; internal saboteurs through the story, we identify and explore their purpose and positive intention for us. Also, if it turns out that the client is in conflict with himself, he doesn&#039;t know what he wants, so it frustrates him and makes him nervous, we do an exercise in which we &quot;reconcile&quot; identities with the aim of making them come together and harmonize with each other.<\/p><p>All of these methods and techniques help my clients gain a clearer picture of their talents, abilities and values. And based on that understanding, they can make decisions about change (of any kind and in any field) that reflects their authenticity and gives them greater satisfaction and fulfillment.<\/p><p>\u00a0<\/p>\t\t\t\t\t\t\t\t<\/div>\n\t\t\t\t<\/div>\n\t\t\t\t\t<\/div>\n\t\t\t\t<\/div>\n\t\t\t\t<\/div>","protected":false},"excerpt":{"rendered":"<p>Na mojim coaching sesijama Prvenstveno, koristim razgovore, postavljam pitanja i pravim prostor za refleksiju kako bi klijenti mogli bolje da razumeju \u0161ta im je zaista va\u017eno, \u0161ta ih ispunjava i \u0161ta cene u svom radu i \u017eivotu. Ohrabrujem klijente da razmotre svoja prethodna profesionalna i \u017eivotna iskustva i da identifikuju situacije u kojima su se [&hellip;]<\/p>\n","protected":false},"author":1,"featured_media":0,"parent":0,"menu_order":0,"comment_status":"closed","ping_status":"closed","template":"","meta":{"site-sidebar-layout":"no-sidebar","site-content-layout":"page-builder","ast-site-content-layout":"full-width-container","site-content-style":"default","site-sidebar-style":"default","ast-global-header-display":"","ast-banner-title-visibility":"","ast-main-header-display":"","ast-hfb-above-header-display":"","ast-hfb-below-header-display":"","ast-hfb-mobile-header-display":"","site-post-title":"disabled","ast-breadcrumbs-content":"","ast-featured-img":"disabled","footer-sml-layout":"","ast-disable-related-posts":"","theme-transparent-header-meta":"","adv-header-id-meta":"","stick-header-meta":"","header-above-stick-meta":"","header-main-stick-meta":"","header-below-stick-meta":"","astra-migrate-meta-layouts":"set","ast-page-background-enabled":"default","ast-page-background-meta":{"desktop":{"background-color":"","background-image":"","background-repeat":"repeat","background-position":"center center","background-size":"auto","background-attachment":"scroll","background-type":"","background-media":"","overlay-type":"","overlay-color":"","overlay-opacity":"","overlay-gradient":""},"tablet":{"background-color":"","background-image":"","background-repeat":"repeat","background-position":"center center","background-size":"auto","background-attachment":"scroll","background-type":"","background-media":"","overlay-type":"","overlay-color":"","overlay-opacity":"","overlay-gradient":""},"mobile":{"background-color":"","background-image":"","background-repeat":"repeat","background-position":"center center","background-size":"auto","background-attachment":"scroll","background-type":"","background-media":"","overlay-type":"","overlay-color":"","overlay-opacity":"","overlay-gradient":""}},"ast-content-background-meta":{"desktop":{"background-color":"var(--ast-global-color-5)","background-image":"","background-repeat":"repeat","background-position":"center center","background-size":"auto","background-attachment":"scroll","background-type":"","background-media":"","overlay-type":"","overlay-color":"","overlay-opacity":"","overlay-gradient":""},"tablet":{"background-color":"var(--ast-global-color-5)","background-image":"","background-repeat":"repeat","background-position":"center center","background-size":"auto","background-attachment":"scroll","background-type":"","background-media":"","overlay-type":"","overlay-color":"","overlay-opacity":"","overlay-gradient":""},"mobile":{"background-color":"var(--ast-global-color-5)","background-image":"","background-repeat":"repeat","background-position":"center center","background-size":"auto","background-attachment":"scroll","background-type":"","background-media":"","overlay-type":"","overlay-color":"","overlay-opacity":"","overlay-gradient":""}},"footnotes":""},"class_list":["post-1201","page","type-page","status-publish","hentry"],"yoast_head":"<!-- This site is optimized with the Yoast SEO plugin v27.6 - https:\/\/yoast.com\/product\/yoast-seo-wordpress\/ -->\n<title>Na mojim coaching sesijama - ZAVOLI SEBE - NLP Coaching<\/title>\n<meta name=\"robots\" content=\"index, follow, max-snippet:-1, max-image-preview:large, max-video-preview:-1\" \/>\n<link rel=\"canonical\" href=\"https:\/\/zavolisebe.rs\/en\/na-mojim-coaching-sesijama\/\" \/>\n<meta property=\"og:locale\" content=\"en_US\" \/>\n<meta property=\"og:type\" content=\"article\" \/>\n<meta property=\"og:title\" content=\"Na mojim coaching sesijama - ZAVOLI SEBE - NLP Coaching\" \/>\n<meta property=\"og:description\" content=\"Na mojim coaching sesijama Prvenstveno, koristim razgovore, postavljam pitanja i pravim prostor za refleksiju kako bi klijenti mogli bolje da razumeju \u0161ta im je zaista va\u017eno, \u0161ta ih ispunjava i \u0161ta cene u svom radu i \u017eivotu. Ohrabrujem klijente da razmotre svoja prethodna profesionalna i \u017eivotna iskustva i da identifikuju situacije u kojima su se [&hellip;]\" \/>\n<meta property=\"og:url\" content=\"https:\/\/zavolisebe.rs\/en\/na-mojim-coaching-sesijama\/\" \/>\n<meta property=\"og:site_name\" content=\"ZAVOLI SEBE - NLP Coaching\" \/>\n<meta property=\"article:modified_time\" content=\"2024-02-23T18:42:25+00:00\" \/>\n<meta name=\"twitter:card\" content=\"summary_large_image\" \/>\n<meta name=\"twitter:label1\" content=\"Est. reading time\" \/>\n\t<meta name=\"twitter:data1\" content=\"2 minutes\" \/>\n<script type=\"application\/ld+json\" class=\"yoast-schema-graph\">{\"@context\":\"https:\\\/\\\/schema.org\",\"@graph\":[{\"@type\":\"WebPage\",\"@id\":\"https:\\\/\\\/zavolisebe.rs\\\/na-mojim-coaching-sesijama\\\/\",\"url\":\"https:\\\/\\\/zavolisebe.rs\\\/na-mojim-coaching-sesijama\\\/\",\"name\":\"Na mojim coaching sesijama - ZAVOLI SEBE - NLP Coaching\",\"isPartOf\":{\"@id\":\"https:\\\/\\\/zavolisebe.rs\\\/#website\"},\"datePublished\":\"2024-02-23T18:36:45+00:00\",\"dateModified\":\"2024-02-23T18:42:25+00:00\",\"breadcrumb\":{\"@id\":\"https:\\\/\\\/zavolisebe.rs\\\/na-mojim-coaching-sesijama\\\/#breadcrumb\"},\"inLanguage\":\"en-US\",\"potentialAction\":[{\"@type\":\"ReadAction\",\"target\":[\"https:\\\/\\\/zavolisebe.rs\\\/na-mojim-coaching-sesijama\\\/\"]}]},{\"@type\":\"BreadcrumbList\",\"@id\":\"https:\\\/\\\/zavolisebe.rs\\\/na-mojim-coaching-sesijama\\\/#breadcrumb\",\"itemListElement\":[{\"@type\":\"ListItem\",\"position\":1,\"name\":\"Home\",\"item\":\"https:\\\/\\\/zavolisebe.rs\\\/\"},{\"@type\":\"ListItem\",\"position\":2,\"name\":\"Na mojim coaching sesijama\"}]},{\"@type\":\"WebSite\",\"@id\":\"https:\\\/\\\/zavolisebe.rs\\\/#website\",\"url\":\"https:\\\/\\\/zavolisebe.rs\\\/\",\"name\":\"ZAVOLI SEBE - NLP Coaching\",\"description\":\"Otklju\u010dajte svoj potencijal na vodjenim coaching sesijama, promenite ograni\u010davaju\u0107a uverenja, toksi\u010dne obrasce pona\u0161anja i postavite svoje ciljeve. Zavolite sebe.\",\"publisher\":{\"@id\":\"https:\\\/\\\/zavolisebe.rs\\\/#organization\"},\"potentialAction\":[{\"@type\":\"SearchAction\",\"target\":{\"@type\":\"EntryPoint\",\"urlTemplate\":\"https:\\\/\\\/zavolisebe.rs\\\/?s={search_term_string}\"},\"query-input\":{\"@type\":\"PropertyValueSpecification\",\"valueRequired\":true,\"valueName\":\"search_term_string\"}}],\"inLanguage\":\"en-US\"},{\"@type\":\"Organization\",\"@id\":\"https:\\\/\\\/zavolisebe.rs\\\/#organization\",\"name\":\"ZAVOLI SEBE - NLP Coaching\",\"url\":\"https:\\\/\\\/zavolisebe.rs\\\/\",\"logo\":{\"@type\":\"ImageObject\",\"inLanguage\":\"en-US\",\"@id\":\"https:\\\/\\\/zavolisebe.rs\\\/#\\\/schema\\\/logo\\\/image\\\/\",\"url\":\"https:\\\/\\\/zavolisebe.rs\\\/wp-content\\\/uploads\\\/2024\\\/03\\\/cropped-IMG_6596.jpg\",\"contentUrl\":\"https:\\\/\\\/zavolisebe.rs\\\/wp-content\\\/uploads\\\/2024\\\/03\\\/cropped-IMG_6596.jpg\",\"width\":251,\"height\":83,\"caption\":\"ZAVOLI SEBE - NLP Coaching\"},\"image\":{\"@id\":\"https:\\\/\\\/zavolisebe.rs\\\/#\\\/schema\\\/logo\\\/image\\\/\"}}]}<\/script>\n<!-- \/ Yoast SEO plugin. -->","yoast_head_json":{"title":"Na mojim coaching sesijama - ZAVOLI SEBE - NLP Coaching","robots":{"index":"index","follow":"follow","max-snippet":"max-snippet:-1","max-image-preview":"max-image-preview:large","max-video-preview":"max-video-preview:-1"},"canonical":"https:\/\/zavolisebe.rs\/en\/na-mojim-coaching-sesijama\/","og_locale":"en_US","og_type":"article","og_title":"Na mojim coaching sesijama - ZAVOLI SEBE - NLP Coaching","og_description":"Na mojim coaching sesijama Prvenstveno, koristim razgovore, postavljam pitanja i pravim prostor za refleksiju kako bi klijenti mogli bolje da razumeju \u0161ta im je zaista va\u017eno, \u0161ta ih ispunjava i \u0161ta cene u svom radu i \u017eivotu. Ohrabrujem klijente da razmotre svoja prethodna profesionalna i \u017eivotna iskustva i da identifikuju situacije u kojima su se [&hellip;]","og_url":"https:\/\/zavolisebe.rs\/en\/na-mojim-coaching-sesijama\/","og_site_name":"ZAVOLI SEBE - NLP Coaching","article_modified_time":"2024-02-23T18:42:25+00:00","twitter_card":"summary_large_image","twitter_misc":{"Est. reading time":"2 minutes"},"schema":{"@context":"https:\/\/schema.org","@graph":[{"@type":"WebPage","@id":"https:\/\/zavolisebe.rs\/na-mojim-coaching-sesijama\/","url":"https:\/\/zavolisebe.rs\/na-mojim-coaching-sesijama\/","name":"Na mojim coaching sesijama - ZAVOLI SEBE - NLP Coaching","isPartOf":{"@id":"https:\/\/zavolisebe.rs\/#website"},"datePublished":"2024-02-23T18:36:45+00:00","dateModified":"2024-02-23T18:42:25+00:00","breadcrumb":{"@id":"https:\/\/zavolisebe.rs\/na-mojim-coaching-sesijama\/#breadcrumb"},"inLanguage":"en-US","potentialAction":[{"@type":"ReadAction","target":["https:\/\/zavolisebe.rs\/na-mojim-coaching-sesijama\/"]}]},{"@type":"BreadcrumbList","@id":"https:\/\/zavolisebe.rs\/na-mojim-coaching-sesijama\/#breadcrumb","itemListElement":[{"@type":"ListItem","position":1,"name":"Home","item":"https:\/\/zavolisebe.rs\/"},{"@type":"ListItem","position":2,"name":"Na mojim coaching sesijama"}]},{"@type":"WebSite","@id":"https:\/\/zavolisebe.rs\/#website","url":"https:\/\/zavolisebe.rs\/","name":"ZAVOLI SEBE - NLP Coaching","description":"Otklju\u010dajte svoj potencijal na vodjenim coaching sesijama, promenite ograni\u010davaju\u0107a uverenja, toksi\u010dne obrasce pona\u0161anja i postavite svoje ciljeve. Zavolite sebe.","publisher":{"@id":"https:\/\/zavolisebe.rs\/#organization"},"potentialAction":[{"@type":"SearchAction","target":{"@type":"EntryPoint","urlTemplate":"https:\/\/zavolisebe.rs\/?s={search_term_string}"},"query-input":{"@type":"PropertyValueSpecification","valueRequired":true,"valueName":"search_term_string"}}],"inLanguage":"en-US"},{"@type":"Organization","@id":"https:\/\/zavolisebe.rs\/#organization","name":"ZAVOLI SEBE - NLP Coaching","url":"https:\/\/zavolisebe.rs\/","logo":{"@type":"ImageObject","inLanguage":"en-US","@id":"https:\/\/zavolisebe.rs\/#\/schema\/logo\/image\/","url":"https:\/\/zavolisebe.rs\/wp-content\/uploads\/2024\/03\/cropped-IMG_6596.jpg","contentUrl":"https:\/\/zavolisebe.rs\/wp-content\/uploads\/2024\/03\/cropped-IMG_6596.jpg","width":251,"height":83,"caption":"ZAVOLI SEBE - NLP Coaching"},"image":{"@id":"https:\/\/zavolisebe.rs\/#\/schema\/logo\/image\/"}}]}},"_links":{"self":[{"href":"https:\/\/zavolisebe.rs\/en\/wp-json\/wp\/v2\/pages\/1201","targetHints":{"allow":["GET"]}}],"collection":[{"href":"https:\/\/zavolisebe.rs\/en\/wp-json\/wp\/v2\/pages"}],"about":[{"href":"https:\/\/zavolisebe.rs\/en\/wp-json\/wp\/v2\/types\/page"}],"author":[{"embeddable":true,"href":"https:\/\/zavolisebe.rs\/en\/wp-json\/wp\/v2\/users\/1"}],"replies":[{"embeddable":true,"href":"https:\/\/zavolisebe.rs\/en\/wp-json\/wp\/v2\/comments?post=1201"}],"version-history":[{"count":7,"href":"https:\/\/zavolisebe.rs\/en\/wp-json\/wp\/v2\/pages\/1201\/revisions"}],"predecessor-version":[{"id":1209,"href":"https:\/\/zavolisebe.rs\/en\/wp-json\/wp\/v2\/pages\/1201\/revisions\/1209"}],"wp:attachment":[{"href":"https:\/\/zavolisebe.rs\/en\/wp-json\/wp\/v2\/media?parent=1201"}],"curies":[{"name":"wp","href":"https:\/\/api.w.org\/{rel}","templated":true}]}}