{"id":1184,"date":"2024-02-23T13:52:05","date_gmt":"2024-02-23T12:52:05","guid":{"rendered":"https:\/\/nlpcoachme.online\/?page_id=1184"},"modified":"2024-02-23T13:53:15","modified_gmt":"2024-02-23T12:53:15","slug":"razlika-izmedju-coachinga-i-psihoterapije-4","status":"publish","type":"page","link":"https:\/\/zavolisebe.rs\/en\/razlika-izmedju-coachinga-i-psihoterapije-4\/","title":{"rendered":"The difference between coaching and psychotherapy"},"content":{"rendered":"<div data-elementor-type=\"wp-page\" data-elementor-id=\"1184\" class=\"elementor elementor-1184\">\n\t\t\t\t<div class=\"elementor-element elementor-element-e6a916f e-flex e-con-boxed e-con e-parent\" data-id=\"e6a916f\" data-element_type=\"container\" data-e-type=\"container\">\n\t\t\t\t\t<div class=\"e-con-inner\">\n\t\t<div class=\"elementor-element elementor-element-3528082 e-con-full e-flex e-con e-child\" data-id=\"3528082\" data-element_type=\"container\" data-e-type=\"container\">\n\t\t\t\t<div class=\"elementor-element elementor-element-b6d7a80 elementor-widget elementor-widget-heading\" data-id=\"b6d7a80\" data-element_type=\"widget\" data-e-type=\"widget\" data-widget_type=\"heading.default\">\n\t\t\t\t\t<h2 class=\"elementor-heading-title elementor-size-default\">The difference between coaching and psychotherapy<\/h2>\t\t\t\t<\/div>\n\t\t\t\t<\/div>\n\t\t<div class=\"elementor-element elementor-element-b04220c e-con-full e-flex e-con e-child\" data-id=\"b04220c\" data-element_type=\"container\" data-e-type=\"container\">\n\t\t\t\t<div class=\"elementor-element elementor-element-4907e8b elementor-widget elementor-widget-text-editor\" data-id=\"4907e8b\" data-element_type=\"widget\" data-e-type=\"widget\" data-widget_type=\"text-editor.default\">\n\t\t\t\t\t\t\t\t\t<p>Coaching and psychotherapy are two different approaches that are used with the same goal of supporting individuals, but differ in the methods they use. Both approaches have their advantages and can be useful in appropriate situations. Both coach and psychotherapist work on personal development and achieving full potential. Both are focused on the client&#039;s needs and goals and support him in finding solutions. However, while there are many similarities, there are also significant differences between the two approaches.<\/p><p>\u00a0<\/p><p>Coaching is a process aimed at supporting individuals in achieving goals and improving performance in a certain area of life. The coach is in the role of a mentor who, through appropriate questions, brings out the maximum that the client already has in himself, he just hasn&#039;t realized it yet. The coach uses a variety of techniques and tools to help the client identify goals, develop strategies, and make progress toward those goals. Coaching is often used in a business context, but it is increasingly applied in other aspects of life, such as career change or development, personal development and life balance. In coaching, the coach acts as a guide and motivator, using his knowledge and skills to support the client in achieving his goals.<\/p><p>\u00a0<\/p><p>Psychotherapy, on the other hand, is a process that focuses on solving emotional problems, overcoming trauma, and improving mental health. The therapist uses various therapeutic methods and techniques to help the client explore his emotions, thoughts and behaviors, identify the causes of problems and develop strategies to overcome them. In his therapies, he often returns to the problematic state and &quot;digs&quot; into the wounds to get to the very essence. Psychotherapy is often used to treat a variety of mental and emotional problems, such as anxiety, depression, eating disorders, addictions, and other mental illnesses.<\/p><p>\u00a0<\/p><p>In short, coaching focuses on achieving specific goals and improving performance, while psychotherapy focuses on resolving deeper emotional and traumatic issues. Also, coaching has a certain time limit and is used within specific goals, while psychotherapy generally takes place over a longer period of time, has no duration limit and deals with deeper emotional and psychological states. It is recommended that coaching take place in a package of six sessions, followed by a break, during which the pieces are usually &quot;sorted out&quot; and the client is able to continue on his own. After such an experience, when the client feels the benefits of coaching, there are often new sessions, but from a different area.<\/p><p>\u00a0<\/p>\t\t\t\t\t\t\t\t<\/div>\n\t\t\t\t<\/div>\n\t\t\t\t\t<\/div>\n\t\t\t\t<\/div>\n\t\t\t\t<\/div>","protected":false},"excerpt":{"rendered":"<p>Razlika izmedju coachinga i psihoterapije Coaching i psihoterapija su dva razli\u010dita pristupa koji se koriste sa istim ciljem podr\u0161ke pojedincima, ali se razlikuju po metodama koje koriste. Oba pristupa imaju svoju prednost i mogu biti korisna u odgovaraju\u0107im situacijama. I coach i psihoterapeut rade na li\u010dnom razvoju \u00a0i postizanju punog potencijala. Oboje su usredsredjeni na [&hellip;]<\/p>\n","protected":false},"author":1,"featured_media":0,"parent":0,"menu_order":0,"comment_status":"closed","ping_status":"closed","template":"","meta":{"site-sidebar-layout":"no-sidebar","site-content-layout":"page-builder","ast-site-content-layout":"full-width-container","site-content-style":"default","site-sidebar-style":"default","ast-global-header-display":"","ast-banner-title-visibility":"","ast-main-header-display":"","ast-hfb-above-header-display":"","ast-hfb-below-header-display":"","ast-hfb-mobile-header-display":"","site-post-title":"disabled","ast-breadcrumbs-content":"","ast-featured-img":"disabled","footer-sml-layout":"","ast-disable-related-posts":"","theme-transparent-header-meta":"","adv-header-id-meta":"","stick-header-meta":"","header-above-stick-meta":"","header-main-stick-meta":"","header-below-stick-meta":"","astra-migrate-meta-layouts":"set","ast-page-background-enabled":"default","ast-page-background-meta":{"desktop":{"background-color":"","background-image":"","background-repeat":"repeat","background-position":"center center","background-size":"auto","background-attachment":"scroll","background-type":"","background-media":"","overlay-type":"","overlay-color":"","overlay-opacity":"","overlay-gradient":""},"tablet":{"background-color":"","background-image":"","background-repeat":"repeat","background-position":"center center","background-size":"auto","background-attachment":"scroll","background-type":"","background-media":"","overlay-type":"","overlay-color":"","overlay-opacity":"","overlay-gradient":""},"mobile":{"background-color":"","background-image":"","background-repeat":"repeat","background-position":"center center","background-size":"auto","background-attachment":"scroll","background-type":"","background-media":"","overlay-type":"","overlay-color":"","overlay-opacity":"","overlay-gradient":""}},"ast-content-background-meta":{"desktop":{"background-color":"var(--ast-global-color-5)","background-image":"","background-repeat":"repeat","background-position":"center center","background-size":"auto","background-attachment":"scroll","background-type":"","background-media":"","overlay-type":"","overlay-color":"","overlay-opacity":"","overlay-gradient":""},"tablet":{"background-color":"var(--ast-global-color-5)","background-image":"","background-repeat":"repeat","background-position":"center center","background-size":"auto","background-attachment":"scroll","background-type":"","background-media":"","overlay-type":"","overlay-color":"","overlay-opacity":"","overlay-gradient":""},"mobile":{"background-color":"var(--ast-global-color-5)","background-image":"","background-repeat":"repeat","background-position":"center center","background-size":"auto","background-attachment":"scroll","background-type":"","background-media":"","overlay-type":"","overlay-color":"","overlay-opacity":"","overlay-gradient":""}},"footnotes":""},"class_list":["post-1184","page","type-page","status-publish","hentry"],"yoast_head":"<!-- This site is optimized with the Yoast SEO plugin v27.6 - https:\/\/yoast.com\/product\/yoast-seo-wordpress\/ -->\n<title>Razlika izmedju coachinga i psihoterapije - ZAVOLI SEBE - NLP Coaching<\/title>\n<meta name=\"robots\" content=\"index, follow, max-snippet:-1, max-image-preview:large, max-video-preview:-1\" \/>\n<link rel=\"canonical\" href=\"https:\/\/zavolisebe.rs\/en\/razlika-izmedju-coachinga-i-psihoterapije-4\/\" \/>\n<meta property=\"og:locale\" content=\"en_US\" \/>\n<meta property=\"og:type\" content=\"article\" \/>\n<meta property=\"og:title\" content=\"Razlika izmedju coachinga i psihoterapije - ZAVOLI SEBE - NLP Coaching\" \/>\n<meta property=\"og:description\" content=\"Razlika izmedju coachinga i psihoterapije Coaching i psihoterapija su dva razli\u010dita pristupa koji se koriste sa istim ciljem podr\u0161ke pojedincima, ali se razlikuju po metodama koje koriste. Oba pristupa imaju svoju prednost i mogu biti korisna u odgovaraju\u0107im situacijama. I coach i psihoterapeut rade na li\u010dnom razvoju \u00a0i postizanju punog potencijala. Oboje su usredsredjeni na [&hellip;]\" \/>\n<meta property=\"og:url\" content=\"https:\/\/zavolisebe.rs\/en\/razlika-izmedju-coachinga-i-psihoterapije-4\/\" \/>\n<meta property=\"og:site_name\" content=\"ZAVOLI SEBE - NLP Coaching\" \/>\n<meta property=\"article:modified_time\" content=\"2024-02-23T12:53:15+00:00\" \/>\n<meta name=\"twitter:card\" content=\"summary_large_image\" \/>\n<meta name=\"twitter:label1\" content=\"Est. reading time\" \/>\n\t<meta name=\"twitter:data1\" content=\"2 minutes\" \/>\n<script type=\"application\/ld+json\" class=\"yoast-schema-graph\">{\"@context\":\"https:\\\/\\\/schema.org\",\"@graph\":[{\"@type\":\"WebPage\",\"@id\":\"https:\\\/\\\/zavolisebe.rs\\\/razlika-izmedju-coachinga-i-psihoterapije-4\\\/\",\"url\":\"https:\\\/\\\/zavolisebe.rs\\\/razlika-izmedju-coachinga-i-psihoterapije-4\\\/\",\"name\":\"Razlika izmedju coachinga i psihoterapije - ZAVOLI SEBE - NLP Coaching\",\"isPartOf\":{\"@id\":\"https:\\\/\\\/zavolisebe.rs\\\/#website\"},\"datePublished\":\"2024-02-23T12:52:05+00:00\",\"dateModified\":\"2024-02-23T12:53:15+00:00\",\"breadcrumb\":{\"@id\":\"https:\\\/\\\/zavolisebe.rs\\\/razlika-izmedju-coachinga-i-psihoterapije-4\\\/#breadcrumb\"},\"inLanguage\":\"en-US\",\"potentialAction\":[{\"@type\":\"ReadAction\",\"target\":[\"https:\\\/\\\/zavolisebe.rs\\\/razlika-izmedju-coachinga-i-psihoterapije-4\\\/\"]}]},{\"@type\":\"BreadcrumbList\",\"@id\":\"https:\\\/\\\/zavolisebe.rs\\\/razlika-izmedju-coachinga-i-psihoterapije-4\\\/#breadcrumb\",\"itemListElement\":[{\"@type\":\"ListItem\",\"position\":1,\"name\":\"Home\",\"item\":\"https:\\\/\\\/zavolisebe.rs\\\/\"},{\"@type\":\"ListItem\",\"position\":2,\"name\":\"Razlika izmedju coachinga i psihoterapije\"}]},{\"@type\":\"WebSite\",\"@id\":\"https:\\\/\\\/zavolisebe.rs\\\/#website\",\"url\":\"https:\\\/\\\/zavolisebe.rs\\\/\",\"name\":\"ZAVOLI SEBE - NLP Coaching\",\"description\":\"Otklju\u010dajte svoj potencijal na vodjenim coaching sesijama, promenite ograni\u010davaju\u0107a uverenja, toksi\u010dne obrasce pona\u0161anja i postavite svoje ciljeve. Zavolite sebe.\",\"publisher\":{\"@id\":\"https:\\\/\\\/zavolisebe.rs\\\/#organization\"},\"potentialAction\":[{\"@type\":\"SearchAction\",\"target\":{\"@type\":\"EntryPoint\",\"urlTemplate\":\"https:\\\/\\\/zavolisebe.rs\\\/?s={search_term_string}\"},\"query-input\":{\"@type\":\"PropertyValueSpecification\",\"valueRequired\":true,\"valueName\":\"search_term_string\"}}],\"inLanguage\":\"en-US\"},{\"@type\":\"Organization\",\"@id\":\"https:\\\/\\\/zavolisebe.rs\\\/#organization\",\"name\":\"ZAVOLI SEBE - NLP Coaching\",\"url\":\"https:\\\/\\\/zavolisebe.rs\\\/\",\"logo\":{\"@type\":\"ImageObject\",\"inLanguage\":\"en-US\",\"@id\":\"https:\\\/\\\/zavolisebe.rs\\\/#\\\/schema\\\/logo\\\/image\\\/\",\"url\":\"https:\\\/\\\/zavolisebe.rs\\\/wp-content\\\/uploads\\\/2024\\\/03\\\/cropped-IMG_6596.jpg\",\"contentUrl\":\"https:\\\/\\\/zavolisebe.rs\\\/wp-content\\\/uploads\\\/2024\\\/03\\\/cropped-IMG_6596.jpg\",\"width\":251,\"height\":83,\"caption\":\"ZAVOLI SEBE - NLP Coaching\"},\"image\":{\"@id\":\"https:\\\/\\\/zavolisebe.rs\\\/#\\\/schema\\\/logo\\\/image\\\/\"}}]}<\/script>\n<!-- \/ Yoast SEO plugin. -->","yoast_head_json":{"title":"Razlika izmedju coachinga i psihoterapije - ZAVOLI SEBE - NLP Coaching","robots":{"index":"index","follow":"follow","max-snippet":"max-snippet:-1","max-image-preview":"max-image-preview:large","max-video-preview":"max-video-preview:-1"},"canonical":"https:\/\/zavolisebe.rs\/en\/razlika-izmedju-coachinga-i-psihoterapije-4\/","og_locale":"en_US","og_type":"article","og_title":"Razlika izmedju coachinga i psihoterapije - ZAVOLI SEBE - NLP Coaching","og_description":"Razlika izmedju coachinga i psihoterapije Coaching i psihoterapija su dva razli\u010dita pristupa koji se koriste sa istim ciljem podr\u0161ke pojedincima, ali se razlikuju po metodama koje koriste. Oba pristupa imaju svoju prednost i mogu biti korisna u odgovaraju\u0107im situacijama. I coach i psihoterapeut rade na li\u010dnom razvoju \u00a0i postizanju punog potencijala. Oboje su usredsredjeni na [&hellip;]","og_url":"https:\/\/zavolisebe.rs\/en\/razlika-izmedju-coachinga-i-psihoterapije-4\/","og_site_name":"ZAVOLI SEBE - NLP Coaching","article_modified_time":"2024-02-23T12:53:15+00:00","twitter_card":"summary_large_image","twitter_misc":{"Est. reading time":"2 minutes"},"schema":{"@context":"https:\/\/schema.org","@graph":[{"@type":"WebPage","@id":"https:\/\/zavolisebe.rs\/razlika-izmedju-coachinga-i-psihoterapije-4\/","url":"https:\/\/zavolisebe.rs\/razlika-izmedju-coachinga-i-psihoterapije-4\/","name":"Razlika izmedju coachinga i psihoterapije - ZAVOLI SEBE - NLP Coaching","isPartOf":{"@id":"https:\/\/zavolisebe.rs\/#website"},"datePublished":"2024-02-23T12:52:05+00:00","dateModified":"2024-02-23T12:53:15+00:00","breadcrumb":{"@id":"https:\/\/zavolisebe.rs\/razlika-izmedju-coachinga-i-psihoterapije-4\/#breadcrumb"},"inLanguage":"en-US","potentialAction":[{"@type":"ReadAction","target":["https:\/\/zavolisebe.rs\/razlika-izmedju-coachinga-i-psihoterapije-4\/"]}]},{"@type":"BreadcrumbList","@id":"https:\/\/zavolisebe.rs\/razlika-izmedju-coachinga-i-psihoterapije-4\/#breadcrumb","itemListElement":[{"@type":"ListItem","position":1,"name":"Home","item":"https:\/\/zavolisebe.rs\/"},{"@type":"ListItem","position":2,"name":"Razlika izmedju coachinga i psihoterapije"}]},{"@type":"WebSite","@id":"https:\/\/zavolisebe.rs\/#website","url":"https:\/\/zavolisebe.rs\/","name":"ZAVOLI SEBE - NLP Coaching","description":"Otklju\u010dajte svoj potencijal na vodjenim coaching sesijama, promenite ograni\u010davaju\u0107a uverenja, toksi\u010dne obrasce pona\u0161anja i postavite svoje ciljeve. Zavolite sebe.","publisher":{"@id":"https:\/\/zavolisebe.rs\/#organization"},"potentialAction":[{"@type":"SearchAction","target":{"@type":"EntryPoint","urlTemplate":"https:\/\/zavolisebe.rs\/?s={search_term_string}"},"query-input":{"@type":"PropertyValueSpecification","valueRequired":true,"valueName":"search_term_string"}}],"inLanguage":"en-US"},{"@type":"Organization","@id":"https:\/\/zavolisebe.rs\/#organization","name":"ZAVOLI SEBE - NLP Coaching","url":"https:\/\/zavolisebe.rs\/","logo":{"@type":"ImageObject","inLanguage":"en-US","@id":"https:\/\/zavolisebe.rs\/#\/schema\/logo\/image\/","url":"https:\/\/zavolisebe.rs\/wp-content\/uploads\/2024\/03\/cropped-IMG_6596.jpg","contentUrl":"https:\/\/zavolisebe.rs\/wp-content\/uploads\/2024\/03\/cropped-IMG_6596.jpg","width":251,"height":83,"caption":"ZAVOLI SEBE - NLP Coaching"},"image":{"@id":"https:\/\/zavolisebe.rs\/#\/schema\/logo\/image\/"}}]}},"_links":{"self":[{"href":"https:\/\/zavolisebe.rs\/en\/wp-json\/wp\/v2\/pages\/1184","targetHints":{"allow":["GET"]}}],"collection":[{"href":"https:\/\/zavolisebe.rs\/en\/wp-json\/wp\/v2\/pages"}],"about":[{"href":"https:\/\/zavolisebe.rs\/en\/wp-json\/wp\/v2\/types\/page"}],"author":[{"embeddable":true,"href":"https:\/\/zavolisebe.rs\/en\/wp-json\/wp\/v2\/users\/1"}],"replies":[{"embeddable":true,"href":"https:\/\/zavolisebe.rs\/en\/wp-json\/wp\/v2\/comments?post=1184"}],"version-history":[{"count":4,"href":"https:\/\/zavolisebe.rs\/en\/wp-json\/wp\/v2\/pages\/1184\/revisions"}],"predecessor-version":[{"id":1188,"href":"https:\/\/zavolisebe.rs\/en\/wp-json\/wp\/v2\/pages\/1184\/revisions\/1188"}],"wp:attachment":[{"href":"https:\/\/zavolisebe.rs\/en\/wp-json\/wp\/v2\/media?parent=1184"}],"curies":[{"name":"wp","href":"https:\/\/api.w.org\/{rel}","templated":true}]}}