{"id":1037,"date":"2024-02-21T22:31:47","date_gmt":"2024-02-21T21:31:47","guid":{"rendered":"https:\/\/nlpcoachme.online\/?page_id=1037"},"modified":"2024-02-21T22:36:22","modified_gmt":"2024-02-21T21:36:22","slug":"ono-sto-niste-znali-o-coachingu","status":"publish","type":"page","link":"https:\/\/zavolisebe.rs\/en\/ono-sto-niste-znali-o-coachingu\/","title":{"rendered":"What you didn&#039;t know about coaching"},"content":{"rendered":"<div data-elementor-type=\"wp-page\" data-elementor-id=\"1037\" class=\"elementor elementor-1037\">\n\t\t\t\t<div class=\"elementor-element elementor-element-e664863 e-flex e-con-boxed e-con e-parent\" data-id=\"e664863\" data-element_type=\"container\" data-e-type=\"container\">\n\t\t\t\t\t<div class=\"e-con-inner\">\n\t\t<div class=\"elementor-element elementor-element-7e45dd9 e-con-full e-flex e-con e-child\" data-id=\"7e45dd9\" data-element_type=\"container\" data-e-type=\"container\">\n\t\t\t\t<div class=\"elementor-element elementor-element-733722c elementor-widget elementor-widget-heading\" data-id=\"733722c\" data-element_type=\"widget\" data-e-type=\"widget\" data-widget_type=\"heading.default\">\n\t\t\t\t\t<h2 class=\"elementor-heading-title elementor-size-default\">What you didn&#039;t know about coaching<\/h2>\t\t\t\t<\/div>\n\t\t\t\t<\/div>\n\t\t<div class=\"elementor-element elementor-element-d2be989 e-con-full e-flex e-con e-child\" data-id=\"d2be989\" data-element_type=\"container\" data-e-type=\"container\">\n\t\t\t\t<div class=\"elementor-element elementor-element-641929e elementor-widget elementor-widget-text-editor\" data-id=\"641929e\" data-element_type=\"widget\" data-e-type=\"widget\" data-widget_type=\"text-editor.default\">\n\t\t\t\t\t\t\t\t\t<p>Coaching is a process of support and guidance developed for each individual, used to achieve goals, develop skills and improve performance. It can be applied in various aspects of life, including business context, personal development, relationships, health, sports and many other areas.<\/p><p><span style=\"font-style: inherit; font-weight: inherit; text-align: var(--text-align); background-color: var(--ast-global-color-3);\">The main role of the coach is to help the client identify his goals, understand his strengths and weaknesses, identify potential obstacles and develop strategies to achieve success. Coach provides support, motivation and structure to achieve the desired results.<\/span><\/p><p><span style=\"font-style: inherit; font-weight: inherit; text-align: var(--text-align); background-color: var(--ast-global-color-3);\">Coaching can help in several ways:<\/span><\/p>\n<p><\/p>\n<ol>\n<li>Achieving goals: Coaching helps the client define clear goals and develop plans and strategies to achieve them. Through the support of the coach, the client can discover his potential and develop the skills needed to achieve success.<\/li>\n<\/ol>\n<ol start=\"2\">\n<li>Personal development: Coaching helps the client to gain a deeper understanding of himself, his values, passions and life purpose. Through the process of awareness, the client can identify areas for personal growth and change.<\/li>\n<\/ol>\n<ol start=\"3\">\n<li>Improvement of skills: Through various techniques and methods, the coach helps the client to develop new skills and improve existing ones. It could be related to communication, leadership, time management, problem solving or any other skill the client wants to improve.<\/li>\n<\/ol>\n<ol start=\"4\">\n<li>Problem solving: Coaching supports the client in solving problems and overcoming obstacles. Through asking questions, reflecting and exchanging ideas, the coach helps the client gain new perspectives and find effective solutions.<\/li>\n<\/ol>\n<ol start=\"5\">\n<li>Motivation and self-confidence: Coaching can strengthen the client&#039;s motivation and self-confidence. Through support and affirmation, the coach builds the client&#039;s self-confidence, encourages action and maintains motivation during the process.<\/li>\n<\/ol>\n<p>It is important to point out that a coach is not a therapist or a counselor. Instead of providing answers or solutions, the coach asks targeted questions to encourage the client to think for themselves, self-reflect and make decisions. It is an interactive process where the focus is on the client and his progress.<\/p>\n<p><\/p>\n<p>Coaching is an effective method for achieving positive changes in life and realizing potential. With coaching, you can develop your skills, improve your performance and achieve your goals in a personal and professional way.<\/p>\t\t\t\t\t\t\t\t<\/div>\n\t\t\t\t<\/div>\n\t\t\t\t\t<\/div>\n\t\t\t\t<\/div>\n\t\t\t\t<\/div>","protected":false},"excerpt":{"rendered":"<p>Ono \u0161to niste znali o coachingu Coaching je proces podr\u0161ke i vo\u0111enja razvijen za svakog pojedinca posebno, &nbsp;koji se koristi radi postizanja ciljeva, razvoja ve\u0161tina i unapre\u0111enja performansi. On mo\u017ee biti primenjen u razli\u010ditim aspektima \u017eivota, uklju\u010duju\u0107i poslovni kontekst, li\u010dni razvoj, odnose, zdravlje, sport i mnoge druge oblasti. Glavna uloga coacha je da pomogne klijentu [&hellip;]<\/p>\n","protected":false},"author":1,"featured_media":0,"parent":0,"menu_order":0,"comment_status":"closed","ping_status":"closed","template":"","meta":{"site-sidebar-layout":"no-sidebar","site-content-layout":"page-builder","ast-site-content-layout":"full-width-container","site-content-style":"default","site-sidebar-style":"default","ast-global-header-display":"","ast-banner-title-visibility":"","ast-main-header-display":"","ast-hfb-above-header-display":"","ast-hfb-below-header-display":"","ast-hfb-mobile-header-display":"","site-post-title":"disabled","ast-breadcrumbs-content":"","ast-featured-img":"disabled","footer-sml-layout":"","ast-disable-related-posts":"","theme-transparent-header-meta":"","adv-header-id-meta":"","stick-header-meta":"","header-above-stick-meta":"","header-main-stick-meta":"","header-below-stick-meta":"","astra-migrate-meta-layouts":"set","ast-page-background-enabled":"default","ast-page-background-meta":{"desktop":{"background-color":"","background-image":"","background-repeat":"repeat","background-position":"center center","background-size":"auto","background-attachment":"scroll","background-type":"","background-media":"","overlay-type":"","overlay-color":"","overlay-opacity":"","overlay-gradient":""},"tablet":{"background-color":"","background-image":"","background-repeat":"repeat","background-position":"center center","background-size":"auto","background-attachment":"scroll","background-type":"","background-media":"","overlay-type":"","overlay-color":"","overlay-opacity":"","overlay-gradient":""},"mobile":{"background-color":"","background-image":"","background-repeat":"repeat","background-position":"center center","background-size":"auto","background-attachment":"scroll","background-type":"","background-media":"","overlay-type":"","overlay-color":"","overlay-opacity":"","overlay-gradient":""}},"ast-content-background-meta":{"desktop":{"background-color":"var(--ast-global-color-5)","background-image":"","background-repeat":"repeat","background-position":"center center","background-size":"auto","background-attachment":"scroll","background-type":"","background-media":"","overlay-type":"","overlay-color":"","overlay-opacity":"","overlay-gradient":""},"tablet":{"background-color":"var(--ast-global-color-5)","background-image":"","background-repeat":"repeat","background-position":"center center","background-size":"auto","background-attachment":"scroll","background-type":"","background-media":"","overlay-type":"","overlay-color":"","overlay-opacity":"","overlay-gradient":""},"mobile":{"background-color":"var(--ast-global-color-5)","background-image":"","background-repeat":"repeat","background-position":"center center","background-size":"auto","background-attachment":"scroll","background-type":"","background-media":"","overlay-type":"","overlay-color":"","overlay-opacity":"","overlay-gradient":""}},"footnotes":""},"class_list":["post-1037","page","type-page","status-publish","hentry"],"yoast_head":"<!-- This site is optimized with the Yoast SEO plugin v27.6 - https:\/\/yoast.com\/product\/yoast-seo-wordpress\/ -->\n<title>Ono \u0161to niste znali o coachingu - ZAVOLI SEBE - NLP Coaching<\/title>\n<meta name=\"robots\" content=\"index, follow, max-snippet:-1, max-image-preview:large, max-video-preview:-1\" \/>\n<link rel=\"canonical\" href=\"https:\/\/zavolisebe.rs\/en\/ono-sto-niste-znali-o-coachingu\/\" \/>\n<meta property=\"og:locale\" content=\"en_US\" \/>\n<meta property=\"og:type\" content=\"article\" \/>\n<meta property=\"og:title\" content=\"Ono \u0161to niste znali o coachingu - ZAVOLI SEBE - NLP Coaching\" \/>\n<meta property=\"og:description\" content=\"Ono \u0161to niste znali o coachingu Coaching je proces podr\u0161ke i vo\u0111enja razvijen za svakog pojedinca posebno, &nbsp;koji se koristi radi postizanja ciljeva, razvoja ve\u0161tina i unapre\u0111enja performansi. On mo\u017ee biti primenjen u razli\u010ditim aspektima \u017eivota, uklju\u010duju\u0107i poslovni kontekst, li\u010dni razvoj, odnose, zdravlje, sport i mnoge druge oblasti. Glavna uloga coacha je da pomogne klijentu [&hellip;]\" \/>\n<meta property=\"og:url\" content=\"https:\/\/zavolisebe.rs\/en\/ono-sto-niste-znali-o-coachingu\/\" \/>\n<meta property=\"og:site_name\" content=\"ZAVOLI SEBE - NLP Coaching\" \/>\n<meta property=\"article:modified_time\" content=\"2024-02-21T21:36:22+00:00\" \/>\n<meta name=\"twitter:card\" content=\"summary_large_image\" \/>\n<meta name=\"twitter:label1\" content=\"Est. reading time\" \/>\n\t<meta name=\"twitter:data1\" content=\"2 minutes\" \/>\n<script type=\"application\/ld+json\" class=\"yoast-schema-graph\">{\"@context\":\"https:\\\/\\\/schema.org\",\"@graph\":[{\"@type\":\"WebPage\",\"@id\":\"https:\\\/\\\/zavolisebe.rs\\\/ono-sto-niste-znali-o-coachingu\\\/\",\"url\":\"https:\\\/\\\/zavolisebe.rs\\\/ono-sto-niste-znali-o-coachingu\\\/\",\"name\":\"Ono \u0161to niste znali o coachingu - ZAVOLI SEBE - NLP Coaching\",\"isPartOf\":{\"@id\":\"https:\\\/\\\/zavolisebe.rs\\\/#website\"},\"datePublished\":\"2024-02-21T21:31:47+00:00\",\"dateModified\":\"2024-02-21T21:36:22+00:00\",\"breadcrumb\":{\"@id\":\"https:\\\/\\\/zavolisebe.rs\\\/ono-sto-niste-znali-o-coachingu\\\/#breadcrumb\"},\"inLanguage\":\"en-US\",\"potentialAction\":[{\"@type\":\"ReadAction\",\"target\":[\"https:\\\/\\\/zavolisebe.rs\\\/ono-sto-niste-znali-o-coachingu\\\/\"]}]},{\"@type\":\"BreadcrumbList\",\"@id\":\"https:\\\/\\\/zavolisebe.rs\\\/ono-sto-niste-znali-o-coachingu\\\/#breadcrumb\",\"itemListElement\":[{\"@type\":\"ListItem\",\"position\":1,\"name\":\"Home\",\"item\":\"https:\\\/\\\/zavolisebe.rs\\\/\"},{\"@type\":\"ListItem\",\"position\":2,\"name\":\"Ono \u0161to niste znali o coachingu\"}]},{\"@type\":\"WebSite\",\"@id\":\"https:\\\/\\\/zavolisebe.rs\\\/#website\",\"url\":\"https:\\\/\\\/zavolisebe.rs\\\/\",\"name\":\"ZAVOLI SEBE - NLP Coaching\",\"description\":\"Otklju\u010dajte svoj potencijal na vodjenim coaching sesijama, promenite ograni\u010davaju\u0107a uverenja, toksi\u010dne obrasce pona\u0161anja i postavite svoje ciljeve. Zavolite sebe.\",\"publisher\":{\"@id\":\"https:\\\/\\\/zavolisebe.rs\\\/#organization\"},\"potentialAction\":[{\"@type\":\"SearchAction\",\"target\":{\"@type\":\"EntryPoint\",\"urlTemplate\":\"https:\\\/\\\/zavolisebe.rs\\\/?s={search_term_string}\"},\"query-input\":{\"@type\":\"PropertyValueSpecification\",\"valueRequired\":true,\"valueName\":\"search_term_string\"}}],\"inLanguage\":\"en-US\"},{\"@type\":\"Organization\",\"@id\":\"https:\\\/\\\/zavolisebe.rs\\\/#organization\",\"name\":\"ZAVOLI SEBE - NLP Coaching\",\"url\":\"https:\\\/\\\/zavolisebe.rs\\\/\",\"logo\":{\"@type\":\"ImageObject\",\"inLanguage\":\"en-US\",\"@id\":\"https:\\\/\\\/zavolisebe.rs\\\/#\\\/schema\\\/logo\\\/image\\\/\",\"url\":\"https:\\\/\\\/zavolisebe.rs\\\/wp-content\\\/uploads\\\/2024\\\/03\\\/cropped-IMG_6596.jpg\",\"contentUrl\":\"https:\\\/\\\/zavolisebe.rs\\\/wp-content\\\/uploads\\\/2024\\\/03\\\/cropped-IMG_6596.jpg\",\"width\":251,\"height\":83,\"caption\":\"ZAVOLI SEBE - NLP Coaching\"},\"image\":{\"@id\":\"https:\\\/\\\/zavolisebe.rs\\\/#\\\/schema\\\/logo\\\/image\\\/\"}}]}<\/script>\n<!-- \/ Yoast SEO plugin. -->","yoast_head_json":{"title":"Ono \u0161to niste znali o coachingu - ZAVOLI SEBE - NLP Coaching","robots":{"index":"index","follow":"follow","max-snippet":"max-snippet:-1","max-image-preview":"max-image-preview:large","max-video-preview":"max-video-preview:-1"},"canonical":"https:\/\/zavolisebe.rs\/en\/ono-sto-niste-znali-o-coachingu\/","og_locale":"en_US","og_type":"article","og_title":"Ono \u0161to niste znali o coachingu - ZAVOLI SEBE - NLP Coaching","og_description":"Ono \u0161to niste znali o coachingu Coaching je proces podr\u0161ke i vo\u0111enja razvijen za svakog pojedinca posebno, &nbsp;koji se koristi radi postizanja ciljeva, razvoja ve\u0161tina i unapre\u0111enja performansi. On mo\u017ee biti primenjen u razli\u010ditim aspektima \u017eivota, uklju\u010duju\u0107i poslovni kontekst, li\u010dni razvoj, odnose, zdravlje, sport i mnoge druge oblasti. Glavna uloga coacha je da pomogne klijentu [&hellip;]","og_url":"https:\/\/zavolisebe.rs\/en\/ono-sto-niste-znali-o-coachingu\/","og_site_name":"ZAVOLI SEBE - NLP Coaching","article_modified_time":"2024-02-21T21:36:22+00:00","twitter_card":"summary_large_image","twitter_misc":{"Est. reading time":"2 minutes"},"schema":{"@context":"https:\/\/schema.org","@graph":[{"@type":"WebPage","@id":"https:\/\/zavolisebe.rs\/ono-sto-niste-znali-o-coachingu\/","url":"https:\/\/zavolisebe.rs\/ono-sto-niste-znali-o-coachingu\/","name":"Ono \u0161to niste znali o coachingu - ZAVOLI SEBE - NLP Coaching","isPartOf":{"@id":"https:\/\/zavolisebe.rs\/#website"},"datePublished":"2024-02-21T21:31:47+00:00","dateModified":"2024-02-21T21:36:22+00:00","breadcrumb":{"@id":"https:\/\/zavolisebe.rs\/ono-sto-niste-znali-o-coachingu\/#breadcrumb"},"inLanguage":"en-US","potentialAction":[{"@type":"ReadAction","target":["https:\/\/zavolisebe.rs\/ono-sto-niste-znali-o-coachingu\/"]}]},{"@type":"BreadcrumbList","@id":"https:\/\/zavolisebe.rs\/ono-sto-niste-znali-o-coachingu\/#breadcrumb","itemListElement":[{"@type":"ListItem","position":1,"name":"Home","item":"https:\/\/zavolisebe.rs\/"},{"@type":"ListItem","position":2,"name":"Ono \u0161to niste znali o coachingu"}]},{"@type":"WebSite","@id":"https:\/\/zavolisebe.rs\/#website","url":"https:\/\/zavolisebe.rs\/","name":"ZAVOLI SEBE - NLP Coaching","description":"Otklju\u010dajte svoj potencijal na vodjenim coaching sesijama, promenite ograni\u010davaju\u0107a uverenja, toksi\u010dne obrasce pona\u0161anja i postavite svoje ciljeve. Zavolite sebe.","publisher":{"@id":"https:\/\/zavolisebe.rs\/#organization"},"potentialAction":[{"@type":"SearchAction","target":{"@type":"EntryPoint","urlTemplate":"https:\/\/zavolisebe.rs\/?s={search_term_string}"},"query-input":{"@type":"PropertyValueSpecification","valueRequired":true,"valueName":"search_term_string"}}],"inLanguage":"en-US"},{"@type":"Organization","@id":"https:\/\/zavolisebe.rs\/#organization","name":"ZAVOLI SEBE - NLP Coaching","url":"https:\/\/zavolisebe.rs\/","logo":{"@type":"ImageObject","inLanguage":"en-US","@id":"https:\/\/zavolisebe.rs\/#\/schema\/logo\/image\/","url":"https:\/\/zavolisebe.rs\/wp-content\/uploads\/2024\/03\/cropped-IMG_6596.jpg","contentUrl":"https:\/\/zavolisebe.rs\/wp-content\/uploads\/2024\/03\/cropped-IMG_6596.jpg","width":251,"height":83,"caption":"ZAVOLI SEBE - NLP Coaching"},"image":{"@id":"https:\/\/zavolisebe.rs\/#\/schema\/logo\/image\/"}}]}},"_links":{"self":[{"href":"https:\/\/zavolisebe.rs\/en\/wp-json\/wp\/v2\/pages\/1037","targetHints":{"allow":["GET"]}}],"collection":[{"href":"https:\/\/zavolisebe.rs\/en\/wp-json\/wp\/v2\/pages"}],"about":[{"href":"https:\/\/zavolisebe.rs\/en\/wp-json\/wp\/v2\/types\/page"}],"author":[{"embeddable":true,"href":"https:\/\/zavolisebe.rs\/en\/wp-json\/wp\/v2\/users\/1"}],"replies":[{"embeddable":true,"href":"https:\/\/zavolisebe.rs\/en\/wp-json\/wp\/v2\/comments?post=1037"}],"version-history":[{"count":10,"href":"https:\/\/zavolisebe.rs\/en\/wp-json\/wp\/v2\/pages\/1037\/revisions"}],"predecessor-version":[{"id":1047,"href":"https:\/\/zavolisebe.rs\/en\/wp-json\/wp\/v2\/pages\/1037\/revisions\/1047"}],"wp:attachment":[{"href":"https:\/\/zavolisebe.rs\/en\/wp-json\/wp\/v2\/media?parent=1037"}],"curies":[{"name":"wp","href":"https:\/\/api.w.org\/{rel}","templated":true}]}}