{"id":1029,"date":"2024-02-21T22:14:21","date_gmt":"2024-02-21T21:14:21","guid":{"rendered":"https:\/\/nlpcoachme.online\/?page_id=1029"},"modified":"2024-02-21T22:17:42","modified_gmt":"2024-02-21T21:17:42","slug":"cemu-kada-kako-i-zasto-coaching","status":"publish","type":"page","link":"https:\/\/zavolisebe.rs\/en\/cemu-kada-kako-i-zasto-coaching\/","title":{"rendered":"Why, when, how and why coaching?"},"content":{"rendered":"<div data-elementor-type=\"wp-page\" data-elementor-id=\"1029\" class=\"elementor elementor-1029\">\n\t\t\t\t<div class=\"elementor-element elementor-element-4547bcf e-flex e-con-boxed e-con e-parent\" data-id=\"4547bcf\" data-element_type=\"container\" data-e-type=\"container\">\n\t\t\t\t\t<div class=\"e-con-inner\">\n\t\t\t\t<div class=\"elementor-element elementor-element-f056c10 elementor-widget elementor-widget-heading\" data-id=\"f056c10\" data-element_type=\"widget\" data-e-type=\"widget\" data-widget_type=\"heading.default\">\n\t\t\t\t\t<h2 class=\"elementor-heading-title elementor-size-default\">Why, when, how and why coaching?<\/h2>\t\t\t\t<\/div>\n\t\t\t\t\t<\/div>\n\t\t\t\t<\/div>\n\t\t<div class=\"elementor-element elementor-element-08d6e74 e-flex e-con-boxed e-con e-parent\" data-id=\"08d6e74\" data-element_type=\"container\" data-e-type=\"container\">\n\t\t\t\t\t<div class=\"e-con-inner\">\n\t\t\t\t<div class=\"elementor-element elementor-element-a37dc0f elementor-widget elementor-widget-text-editor\" data-id=\"a37dc0f\" data-element_type=\"widget\" data-e-type=\"widget\" data-widget_type=\"text-editor.default\">\n\t\t\t\t\t\t\t\t\t<p>Questioning is completely normal and often an integral part of the human experience. Sometimes we get lost or feel insecure about our choices and life path, but it&#039;s important to allow yourself to be honest with yourself and accept that it&#039;s not too late to make changes and create new habits.<\/p><p><span style=\"font-style: inherit; font-weight: inherit; text-align: var(--text-align); background-color: var(--ast-global-color-3);\">It&#039;s not uncommon to occasionally wonder if we&#039;ve made the right decisions regarding work, partnerships, or other life situations. It is important to let go of pressure and excessive self-critical thinking.<\/span><\/p>\n<p><\/p>\n<p>Instead of focusing on what you missed or wondering if you made the right decisions, try to change your perspective and look at what is good. You will benefit more from recognizing and celebrating your own successes and achievements than you will from just self-criticism. Thank yourself for everything you&#039;ve accomplished and all the important lessons you&#039;ve learned along the way<\/p>\n<p><\/p>\n<p>There is always the possibility that we make mistakes or that things could have been different. However, you should not burden yourself and regret the past. The key is to focus on what we can control \u2013 the present moment and future decisions. You can take action to make changes in your career, relationships, or other areas of your life if you feel the need.<\/p>\n<p><\/p>\n<p>Finding a balance is very important. Acknowledge your successes, rejoice in all the good things you&#039;ve accomplished, but at the same time be open to growth, learning, and opportunities for improvement.<\/p>\n<p><\/p>\n<p>Remember, every day is a new opportunity to learn, grow and create a better future. Be proud of who you are today, and be open and ready for future changes and opportunities that life brings.<\/p>\n<p>Coaching sessions can be helpful at these times, as they give you the tools and support to explore your thoughts, feelings, desires, fears and values. Through these sessions you can become aware of your resources and where you are in life right now. It is a good starting point for working on yourself and setting new goals.<\/p>\n<p><\/p>\n<p>Remember that it is normal and healthy to allow yourself to be wrong and face your problems. It is part of the process of self-discovery and growth. With support, guidance and time for yourself, you can build confidence, redefine your goals and vision, and move forward.<\/p>\n<p><\/p>\n<p>I am here to support and guide you along the way. If you have any questions or would like to discuss how to proceed, feel free to email me.<\/p>\t\t\t\t\t\t\t\t<\/div>\n\t\t\t\t\t<\/div>\n\t\t\t\t<\/div>\n\t\t\t\t<\/div>","protected":false},"excerpt":{"rendered":"<p>\u010cemu, kada, kako i za\u0161to coaching? Preispitivanje je sasvim normalno i \u010desto sastavni deo ljudskog iskustva. Ponekad se izgubimo ili se ose\u0107amo nesigurno u vezi sa svojim izborima i \u017eivotnim putem, ali va\u017eno je da sebi dozvolite da budete iskreni sa sobom i da prihvatite da nije kasno za promene i kreiranje novih navika. Nije [&hellip;]<\/p>\n","protected":false},"author":1,"featured_media":0,"parent":0,"menu_order":0,"comment_status":"closed","ping_status":"closed","template":"","meta":{"site-sidebar-layout":"no-sidebar","site-content-layout":"page-builder","ast-site-content-layout":"full-width-container","site-content-style":"default","site-sidebar-style":"default","ast-global-header-display":"","ast-banner-title-visibility":"","ast-main-header-display":"","ast-hfb-above-header-display":"","ast-hfb-below-header-display":"","ast-hfb-mobile-header-display":"","site-post-title":"disabled","ast-breadcrumbs-content":"","ast-featured-img":"disabled","footer-sml-layout":"","ast-disable-related-posts":"","theme-transparent-header-meta":"","adv-header-id-meta":"","stick-header-meta":"","header-above-stick-meta":"","header-main-stick-meta":"","header-below-stick-meta":"","astra-migrate-meta-layouts":"set","ast-page-background-enabled":"default","ast-page-background-meta":{"desktop":{"background-color":"","background-image":"","background-repeat":"repeat","background-position":"center center","background-size":"auto","background-attachment":"scroll","background-type":"","background-media":"","overlay-type":"","overlay-color":"","overlay-opacity":"","overlay-gradient":""},"tablet":{"background-color":"","background-image":"","background-repeat":"repeat","background-position":"center center","background-size":"auto","background-attachment":"scroll","background-type":"","background-media":"","overlay-type":"","overlay-color":"","overlay-opacity":"","overlay-gradient":""},"mobile":{"background-color":"","background-image":"","background-repeat":"repeat","background-position":"center center","background-size":"auto","background-attachment":"scroll","background-type":"","background-media":"","overlay-type":"","overlay-color":"","overlay-opacity":"","overlay-gradient":""}},"ast-content-background-meta":{"desktop":{"background-color":"var(--ast-global-color-5)","background-image":"","background-repeat":"repeat","background-position":"center center","background-size":"auto","background-attachment":"scroll","background-type":"","background-media":"","overlay-type":"","overlay-color":"","overlay-opacity":"","overlay-gradient":""},"tablet":{"background-color":"var(--ast-global-color-5)","background-image":"","background-repeat":"repeat","background-position":"center center","background-size":"auto","background-attachment":"scroll","background-type":"","background-media":"","overlay-type":"","overlay-color":"","overlay-opacity":"","overlay-gradient":""},"mobile":{"background-color":"var(--ast-global-color-5)","background-image":"","background-repeat":"repeat","background-position":"center center","background-size":"auto","background-attachment":"scroll","background-type":"","background-media":"","overlay-type":"","overlay-color":"","overlay-opacity":"","overlay-gradient":""}},"footnotes":""},"class_list":["post-1029","page","type-page","status-publish","hentry"],"yoast_head":"<!-- This site is optimized with the Yoast SEO plugin v27.6 - https:\/\/yoast.com\/product\/yoast-seo-wordpress\/ -->\n<title>\u010cemu, kada, kako i za\u0161to coaching? - ZAVOLI SEBE - NLP Coaching<\/title>\n<meta name=\"robots\" content=\"index, follow, max-snippet:-1, max-image-preview:large, max-video-preview:-1\" \/>\n<link rel=\"canonical\" href=\"https:\/\/zavolisebe.rs\/en\/cemu-kada-kako-i-zasto-coaching\/\" \/>\n<meta property=\"og:locale\" content=\"en_US\" \/>\n<meta property=\"og:type\" content=\"article\" \/>\n<meta property=\"og:title\" content=\"\u010cemu, kada, kako i za\u0161to coaching? - ZAVOLI SEBE - NLP Coaching\" \/>\n<meta property=\"og:description\" content=\"\u010cemu, kada, kako i za\u0161to coaching? Preispitivanje je sasvim normalno i \u010desto sastavni deo ljudskog iskustva. Ponekad se izgubimo ili se ose\u0107amo nesigurno u vezi sa svojim izborima i \u017eivotnim putem, ali va\u017eno je da sebi dozvolite da budete iskreni sa sobom i da prihvatite da nije kasno za promene i kreiranje novih navika. Nije [&hellip;]\" \/>\n<meta property=\"og:url\" content=\"https:\/\/zavolisebe.rs\/en\/cemu-kada-kako-i-zasto-coaching\/\" \/>\n<meta property=\"og:site_name\" content=\"ZAVOLI SEBE - NLP Coaching\" \/>\n<meta property=\"article:modified_time\" content=\"2024-02-21T21:17:42+00:00\" \/>\n<meta name=\"twitter:card\" content=\"summary_large_image\" \/>\n<meta name=\"twitter:label1\" content=\"Est. reading time\" \/>\n\t<meta name=\"twitter:data1\" content=\"2 minutes\" \/>\n<script type=\"application\/ld+json\" class=\"yoast-schema-graph\">{\"@context\":\"https:\\\/\\\/schema.org\",\"@graph\":[{\"@type\":\"WebPage\",\"@id\":\"https:\\\/\\\/zavolisebe.rs\\\/cemu-kada-kako-i-zasto-coaching\\\/\",\"url\":\"https:\\\/\\\/zavolisebe.rs\\\/cemu-kada-kako-i-zasto-coaching\\\/\",\"name\":\"\u010cemu, kada, kako i za\u0161to coaching? - ZAVOLI SEBE - NLP Coaching\",\"isPartOf\":{\"@id\":\"https:\\\/\\\/zavolisebe.rs\\\/#website\"},\"datePublished\":\"2024-02-21T21:14:21+00:00\",\"dateModified\":\"2024-02-21T21:17:42+00:00\",\"breadcrumb\":{\"@id\":\"https:\\\/\\\/zavolisebe.rs\\\/cemu-kada-kako-i-zasto-coaching\\\/#breadcrumb\"},\"inLanguage\":\"en-US\",\"potentialAction\":[{\"@type\":\"ReadAction\",\"target\":[\"https:\\\/\\\/zavolisebe.rs\\\/cemu-kada-kako-i-zasto-coaching\\\/\"]}]},{\"@type\":\"BreadcrumbList\",\"@id\":\"https:\\\/\\\/zavolisebe.rs\\\/cemu-kada-kako-i-zasto-coaching\\\/#breadcrumb\",\"itemListElement\":[{\"@type\":\"ListItem\",\"position\":1,\"name\":\"Home\",\"item\":\"https:\\\/\\\/zavolisebe.rs\\\/\"},{\"@type\":\"ListItem\",\"position\":2,\"name\":\"\u010cemu, kada, kako i za\u0161to coaching?\"}]},{\"@type\":\"WebSite\",\"@id\":\"https:\\\/\\\/zavolisebe.rs\\\/#website\",\"url\":\"https:\\\/\\\/zavolisebe.rs\\\/\",\"name\":\"ZAVOLI SEBE - NLP Coaching\",\"description\":\"Otklju\u010dajte svoj potencijal na vodjenim coaching sesijama, promenite ograni\u010davaju\u0107a uverenja, toksi\u010dne obrasce pona\u0161anja i postavite svoje ciljeve. Zavolite sebe.\",\"publisher\":{\"@id\":\"https:\\\/\\\/zavolisebe.rs\\\/#organization\"},\"potentialAction\":[{\"@type\":\"SearchAction\",\"target\":{\"@type\":\"EntryPoint\",\"urlTemplate\":\"https:\\\/\\\/zavolisebe.rs\\\/?s={search_term_string}\"},\"query-input\":{\"@type\":\"PropertyValueSpecification\",\"valueRequired\":true,\"valueName\":\"search_term_string\"}}],\"inLanguage\":\"en-US\"},{\"@type\":\"Organization\",\"@id\":\"https:\\\/\\\/zavolisebe.rs\\\/#organization\",\"name\":\"ZAVOLI SEBE - NLP Coaching\",\"url\":\"https:\\\/\\\/zavolisebe.rs\\\/\",\"logo\":{\"@type\":\"ImageObject\",\"inLanguage\":\"en-US\",\"@id\":\"https:\\\/\\\/zavolisebe.rs\\\/#\\\/schema\\\/logo\\\/image\\\/\",\"url\":\"https:\\\/\\\/zavolisebe.rs\\\/wp-content\\\/uploads\\\/2024\\\/03\\\/cropped-IMG_6596.jpg\",\"contentUrl\":\"https:\\\/\\\/zavolisebe.rs\\\/wp-content\\\/uploads\\\/2024\\\/03\\\/cropped-IMG_6596.jpg\",\"width\":251,\"height\":83,\"caption\":\"ZAVOLI SEBE - NLP Coaching\"},\"image\":{\"@id\":\"https:\\\/\\\/zavolisebe.rs\\\/#\\\/schema\\\/logo\\\/image\\\/\"}}]}<\/script>\n<!-- \/ Yoast SEO plugin. -->","yoast_head_json":{"title":"\u010cemu, kada, kako i za\u0161to coaching? - ZAVOLI SEBE - NLP Coaching","robots":{"index":"index","follow":"follow","max-snippet":"max-snippet:-1","max-image-preview":"max-image-preview:large","max-video-preview":"max-video-preview:-1"},"canonical":"https:\/\/zavolisebe.rs\/en\/cemu-kada-kako-i-zasto-coaching\/","og_locale":"en_US","og_type":"article","og_title":"\u010cemu, kada, kako i za\u0161to coaching? - ZAVOLI SEBE - NLP Coaching","og_description":"\u010cemu, kada, kako i za\u0161to coaching? Preispitivanje je sasvim normalno i \u010desto sastavni deo ljudskog iskustva. Ponekad se izgubimo ili se ose\u0107amo nesigurno u vezi sa svojim izborima i \u017eivotnim putem, ali va\u017eno je da sebi dozvolite da budete iskreni sa sobom i da prihvatite da nije kasno za promene i kreiranje novih navika. Nije [&hellip;]","og_url":"https:\/\/zavolisebe.rs\/en\/cemu-kada-kako-i-zasto-coaching\/","og_site_name":"ZAVOLI SEBE - NLP Coaching","article_modified_time":"2024-02-21T21:17:42+00:00","twitter_card":"summary_large_image","twitter_misc":{"Est. reading time":"2 minutes"},"schema":{"@context":"https:\/\/schema.org","@graph":[{"@type":"WebPage","@id":"https:\/\/zavolisebe.rs\/cemu-kada-kako-i-zasto-coaching\/","url":"https:\/\/zavolisebe.rs\/cemu-kada-kako-i-zasto-coaching\/","name":"\u010cemu, kada, kako i za\u0161to coaching? - ZAVOLI SEBE - NLP Coaching","isPartOf":{"@id":"https:\/\/zavolisebe.rs\/#website"},"datePublished":"2024-02-21T21:14:21+00:00","dateModified":"2024-02-21T21:17:42+00:00","breadcrumb":{"@id":"https:\/\/zavolisebe.rs\/cemu-kada-kako-i-zasto-coaching\/#breadcrumb"},"inLanguage":"en-US","potentialAction":[{"@type":"ReadAction","target":["https:\/\/zavolisebe.rs\/cemu-kada-kako-i-zasto-coaching\/"]}]},{"@type":"BreadcrumbList","@id":"https:\/\/zavolisebe.rs\/cemu-kada-kako-i-zasto-coaching\/#breadcrumb","itemListElement":[{"@type":"ListItem","position":1,"name":"Home","item":"https:\/\/zavolisebe.rs\/"},{"@type":"ListItem","position":2,"name":"\u010cemu, kada, kako i za\u0161to coaching?"}]},{"@type":"WebSite","@id":"https:\/\/zavolisebe.rs\/#website","url":"https:\/\/zavolisebe.rs\/","name":"ZAVOLI SEBE - NLP Coaching","description":"Otklju\u010dajte svoj potencijal na vodjenim coaching sesijama, promenite ograni\u010davaju\u0107a uverenja, toksi\u010dne obrasce pona\u0161anja i postavite svoje ciljeve. Zavolite sebe.","publisher":{"@id":"https:\/\/zavolisebe.rs\/#organization"},"potentialAction":[{"@type":"SearchAction","target":{"@type":"EntryPoint","urlTemplate":"https:\/\/zavolisebe.rs\/?s={search_term_string}"},"query-input":{"@type":"PropertyValueSpecification","valueRequired":true,"valueName":"search_term_string"}}],"inLanguage":"en-US"},{"@type":"Organization","@id":"https:\/\/zavolisebe.rs\/#organization","name":"ZAVOLI SEBE - NLP Coaching","url":"https:\/\/zavolisebe.rs\/","logo":{"@type":"ImageObject","inLanguage":"en-US","@id":"https:\/\/zavolisebe.rs\/#\/schema\/logo\/image\/","url":"https:\/\/zavolisebe.rs\/wp-content\/uploads\/2024\/03\/cropped-IMG_6596.jpg","contentUrl":"https:\/\/zavolisebe.rs\/wp-content\/uploads\/2024\/03\/cropped-IMG_6596.jpg","width":251,"height":83,"caption":"ZAVOLI SEBE - NLP Coaching"},"image":{"@id":"https:\/\/zavolisebe.rs\/#\/schema\/logo\/image\/"}}]}},"_links":{"self":[{"href":"https:\/\/zavolisebe.rs\/en\/wp-json\/wp\/v2\/pages\/1029","targetHints":{"allow":["GET"]}}],"collection":[{"href":"https:\/\/zavolisebe.rs\/en\/wp-json\/wp\/v2\/pages"}],"about":[{"href":"https:\/\/zavolisebe.rs\/en\/wp-json\/wp\/v2\/types\/page"}],"author":[{"embeddable":true,"href":"https:\/\/zavolisebe.rs\/en\/wp-json\/wp\/v2\/users\/1"}],"replies":[{"embeddable":true,"href":"https:\/\/zavolisebe.rs\/en\/wp-json\/wp\/v2\/comments?post=1029"}],"version-history":[{"count":4,"href":"https:\/\/zavolisebe.rs\/en\/wp-json\/wp\/v2\/pages\/1029\/revisions"}],"predecessor-version":[{"id":1033,"href":"https:\/\/zavolisebe.rs\/en\/wp-json\/wp\/v2\/pages\/1029\/revisions\/1033"}],"wp:attachment":[{"href":"https:\/\/zavolisebe.rs\/en\/wp-json\/wp\/v2\/media?parent=1029"}],"curies":[{"name":"wp","href":"https:\/\/api.w.org\/{rel}","templated":true}]}}